{"id":29384,"date":"2025-10-09T16:21:59","date_gmt":"2025-10-09T20:21:59","guid":{"rendered":"https:\/\/iutilityvenezuela.com\/?post_type=product&#038;p=29384"},"modified":"2025-11-17T18:34:03","modified_gmt":"2025-11-17T22:34:03","slug":"prensa-hidraulica-a-bateria-ect-12042","status":"publish","type":"product","link":"https:\/\/iutilityvenezuela.com\/?product=prensa-hidraulica-a-bateria-ect-12042","title":{"rendered":"Prensa hidr\u00e1ulica a bater\u00eda ECT-12042"},"content":{"rendered":"<p data-start=\"603\" data-end=\"1083\">La <strong data-start=\"606\" data-end=\"656\">Prensa hidr\u00e1ulica a bater\u00eda ECT-12042<\/strong> est\u00e1 dise\u00f1ada para trabajos el\u00e9ctricos y de instalaci\u00f3n que requieren potencia, seguridad y comodidad.<br \/>\n<br data-start=\"759\" data-end=\"762\" \/>Su sistema hidr\u00e1ulico de <strong data-start=\"787\" data-end=\"801\">dos etapas<\/strong> ofrece un avance r\u00e1pido a baja presi\u00f3n y una compresi\u00f3n potente y controlada al alcanzar el terminal. Incorpora <strong data-start=\"914\" data-end=\"950\">retracci\u00f3n autom\u00e1tica del pist\u00f3n<\/strong>, pantalla <strong data-start=\"961\" data-end=\"969\">OLED<\/strong> para monitoreo en tiempo real y <strong data-start=\"1002\" data-end=\"1024\">luz LED de trabajo<\/strong> que mejora la visibilidad en zonas con poca iluminaci\u00f3n.<\/p>\n<p data-start=\"1085\" data-end=\"1360\">Cuenta con <strong data-start=\"1096\" data-end=\"1133\">bater\u00eda de litio de 18 V \/ 3.0 Ah<\/strong>, que permite hasta <strong data-start=\"1153\" data-end=\"1189\">120 ciclos de prensado por carga<\/strong>, y un <strong data-start=\"1196\" data-end=\"1228\">cargador de 220 V \u2013 50\/60 Hz<\/strong> con tiempo de carga aproximado de 40 minutos.<br data-start=\"1274\" data-end=\"1277\" \/>Su cabezal <strong data-start=\"1288\" data-end=\"1301\">gira 360\u00b0<\/strong>, permitiendo trabajar c\u00f3modamente en espacios reducidos.<\/p>\n<p>Incluye un <strong data-start=\"1373\" data-end=\"1408\">juego de 9 matrices hexagonales<\/strong> (50 \u2013 70 \u2013 95 \u2013 120 \u2013 150 \u2013 185 \u2013 240 \u2013 300 \u2013 400 mm\u00b2), <strong data-start=\"1465\" data-end=\"1478\">bandolera<\/strong>, <strong data-start=\"1480\" data-end=\"1491\">bater\u00eda<\/strong>, <strong data-start=\"1493\" data-end=\"1512\">cargador r\u00e1pido<\/strong>, <strong data-start=\"1514\" data-end=\"1535\">manual en espa\u00f1ol<\/strong> y <strong data-start=\"1538\" data-end=\"1571\">malet\u00edn pl\u00e1stico reforzado PP<\/strong>.<\/p>\n<p><strong data-start=\"1576\" data-end=\"1618\">Especificaciones t\u00e9cnicas principales:<\/strong><\/p>\n<ul data-start=\"1619\" data-end=\"1872\">\n<li data-start=\"1619\" data-end=\"1648\">\n<p data-start=\"1621\" data-end=\"1648\">Fuerza m\u00e1xima: <strong data-start=\"1636\" data-end=\"1646\">120 kN<\/strong><\/p>\n<\/li>\n<li data-start=\"1649\" data-end=\"1693\">\n<p data-start=\"1651\" data-end=\"1693\">Capacidad de prensado: <strong data-start=\"1674\" data-end=\"1691\">hasta 400 mm\u00b2<\/strong><\/p>\n<\/li>\n<li data-start=\"1694\" data-end=\"1727\">\n<p data-start=\"1696\" data-end=\"1727\">Carrera del pist\u00f3n: <strong data-start=\"1716\" data-end=\"1725\">42 mm<\/strong><\/p>\n<\/li>\n<li data-start=\"1728\" data-end=\"1761\">\n<p data-start=\"1730\" data-end=\"1761\">Tiempo de ciclo: <strong data-start=\"1747\" data-end=\"1759\">5 \u2013 15 s<\/strong><\/p>\n<\/li>\n<li data-start=\"1762\" data-end=\"1808\">\n<p data-start=\"1764\" data-end=\"1808\">Temperatura de trabajo: <strong data-start=\"1788\" data-end=\"1806\">\u201310 \u00b0C a 40 \u00b0C<\/strong><\/p>\n<\/li>\n<li data-start=\"1809\" data-end=\"1842\">\n<p data-start=\"1811\" data-end=\"1842\">Volumen de aceite: <strong data-start=\"1830\" data-end=\"1840\">160 ml<\/strong><\/p>\n<\/li>\n<li data-start=\"1843\" data-end=\"1872\">\n<p data-start=\"1845\" data-end=\"1872\">Peso aproximado: <strong data-start=\"1862\" data-end=\"1872\">4.5 kg<\/strong><\/p>\n<\/li>\n<\/ul>\n<p data-start=\"1874\" data-end=\"2017\">Ideal para t\u00e9cnicos el\u00e9ctricos, contratistas y profesionales del \u00e1rea industrial que requieren una herramienta confiable y de alto rendimiento.<\/p>\n<hr \/>\n<h4><span style=\"color: #000000\"><strong>Recursos (1)<\/strong><\/span><\/h4>\n<p><strong><span style=\"color: #000000\"><a class=\"keychainify-checked\" style=\"color: #000000\" href=\"https:\/\/www.chardongroup.com\/wp-content\/uploads\/2022\/07\/CHBON-Installation-Instructrions.pdf\" target=\"_blank\" rel=\"noopener\"><img decoding=\"async\" class=\"alignnone wp-image-29020 size-full\" src=\"https:\/\/iutility.grupoloscar.net\/wp-content\/uploads\/2025\/05\/descargar.png\" alt=\"\" width=\"24\" height=\"24\" \/><\/a><\/span><a class=\"keychainify-checked\" href=\"https:\/\/iutilityvenezuela.com\/?product=prensa-hidraulica-a-bateria-iutility-ect-12042\" target=\"_blank\" rel=\"noopener\">Descargar Manual de instrucciones<\/a><\/strong><\/p>\n","protected":false},"excerpt":{"rendered":"<p>Prensa hidr\u00e1ulica profesional a bater\u00eda de litio 18 V \/ 3.0 Ah, con fuerza m\u00e1xima de 120 kN y cabezal giratorio 360\u00b0. Ideal para engarzar terminales de cobre o aluminio hasta 400 mm\u00b2 con total precisi\u00f3n y movilidad.<\/p>\n","protected":false},"featured_media":29386,"comment_status":"open","ping_status":"closed","template":"","meta":[],"product_brand":[104],"product_cat":[81,193],"product_tag":[235,236,240,237,238,239],"class_list":{"0":"post-29384","1":"product","2":"type-product","3":"status-publish","4":"has-post-thumbnail","6":"product_brand-iutility","7":"product_cat-herramientas-y-equipos","8":"product_cat-alimentada-por-bateria","9":"product_tag-bateria","10":"product_tag-cargador-rapido","11":"product_tag-hidraulica","12":"product_tag-maletin","13":"product_tag-matrices-hexagonales","14":"product_tag-prensa","16":"first","17":"instock","18":"taxable","19":"shipping-taxable","20":"purchasable","21":"product-type-simple"},"_links":{"self":[{"href":"https:\/\/iutilityvenezuela.com\/index.php?rest_route=\/wp\/v2\/product\/29384","targetHints":{"allow":["GET"]}}],"collection":[{"href":"https:\/\/iutilityvenezuela.com\/index.php?rest_route=\/wp\/v2\/product"}],"about":[{"href":"https:\/\/iutilityvenezuela.com\/index.php?rest_route=\/wp\/v2\/types\/product"}],"replies":[{"embeddable":true,"href":"https:\/\/iutilityvenezuela.com\/index.php?rest_route=%2Fwp%2Fv2%2Fcomments&post=29384"}],"version-history":[{"count":6,"href":"https:\/\/iutilityvenezuela.com\/index.php?rest_route=\/wp\/v2\/product\/29384\/revisions"}],"predecessor-version":[{"id":29392,"href":"https:\/\/iutilityvenezuela.com\/index.php?rest_route=\/wp\/v2\/product\/29384\/revisions\/29392"}],"wp:featuredmedia":[{"embeddable":true,"href":"https:\/\/iutilityvenezuela.com\/index.php?rest_route=\/wp\/v2\/media\/29386"}],"wp:attachment":[{"href":"https:\/\/iutilityvenezuela.com\/index.php?rest_route=%2Fwp%2Fv2%2Fmedia&parent=29384"}],"wp:term":[{"taxonomy":"product_brand","embeddable":true,"href":"https:\/\/iutilityvenezuela.com\/index.php?rest_route=%2Fwp%2Fv2%2Fproduct_brand&post=29384"},{"taxonomy":"product_cat","embeddable":true,"href":"https:\/\/iutilityvenezuela.com\/index.php?rest_route=%2Fwp%2Fv2%2Fproduct_cat&post=29384"},{"taxonomy":"product_tag","embeddable":true,"href":"https:\/\/iutilityvenezuela.com\/index.php?rest_route=%2Fwp%2Fv2%2Fproduct_tag&post=29384"}],"curies":[{"name":"wp","href":"https:\/\/api.w.org\/{rel}","templated":true}]}}