{"id":29325,"date":"2025-09-10T01:31:45","date_gmt":"2025-09-10T05:31:45","guid":{"rendered":"https:\/\/iutilityvenezuela.com\/?post_type=product&#038;p=29325"},"modified":"2025-11-17T18:30:03","modified_gmt":"2025-11-17T22:30:03","slug":"pararrayo-polimerico-35kv","status":"publish","type":"product","link":"https:\/\/iutilityvenezuela.com\/?product=pararrayo-polimerico-35kv","title":{"rendered":"PARARRAYO POLIM\u00c9RICO 35KV"},"content":{"rendered":"<pre style=\"text-align: right\">10165385-36<\/pre>\n","protected":false},"excerpt":{"rendered":"<p>M\u00e1xima Protecci\u00f3n dise\u00f1ados para desviar eficazmente las sobretensiones por impulsos atmosf\u00e9ricos y proteger tus equipos el\u00e9ctricos.<\/p>\n","protected":false},"featured_media":28160,"comment_status":"open","ping_status":"closed","template":"","meta":[],"product_brand":[102],"product_cat":[78,135],"product_tag":[128,129],"class_list":{"0":"post-29325","1":"product","2":"type-product","3":"status-publish","4":"has-post-thumbnail","6":"product_brand-eleconstruc","7":"product_cat-pararrayos","8":"product_cat-polimerico-35kv","9":"product_tag-120-240-voltios","10":"product_tag-para-distribucion-intemperie-poste","12":"first","13":"instock","14":"taxable","15":"shipping-taxable","16":"purchasable","17":"product-type-simple"},"_links":{"self":[{"href":"https:\/\/iutilityvenezuela.com\/index.php?rest_route=\/wp\/v2\/product\/29325","targetHints":{"allow":["GET"]}}],"collection":[{"href":"https:\/\/iutilityvenezuela.com\/index.php?rest_route=\/wp\/v2\/product"}],"about":[{"href":"https:\/\/iutilityvenezuela.com\/index.php?rest_route=\/wp\/v2\/types\/product"}],"replies":[{"embeddable":true,"href":"https:\/\/iutilityvenezuela.com\/index.php?rest_route=%2Fwp%2Fv2%2Fcomments&post=29325"}],"version-history":[{"count":4,"href":"https:\/\/iutilityvenezuela.com\/index.php?rest_route=\/wp\/v2\/product\/29325\/revisions"}],"predecessor-version":[{"id":29492,"href":"https:\/\/iutilityvenezuela.com\/index.php?rest_route=\/wp\/v2\/product\/29325\/revisions\/29492"}],"wp:featuredmedia":[{"embeddable":true,"href":"https:\/\/iutilityvenezuela.com\/index.php?rest_route=\/wp\/v2\/media\/28160"}],"wp:attachment":[{"href":"https:\/\/iutilityvenezuela.com\/index.php?rest_route=%2Fwp%2Fv2%2Fmedia&parent=29325"}],"wp:term":[{"taxonomy":"product_brand","embeddable":true,"href":"https:\/\/iutilityvenezuela.com\/index.php?rest_route=%2Fwp%2Fv2%2Fproduct_brand&post=29325"},{"taxonomy":"product_cat","embeddable":true,"href":"https:\/\/iutilityvenezuela.com\/index.php?rest_route=%2Fwp%2Fv2%2Fproduct_cat&post=29325"},{"taxonomy":"product_tag","embeddable":true,"href":"https:\/\/iutilityvenezuela.com\/index.php?rest_route=%2Fwp%2Fv2%2Fproduct_tag&post=29325"}],"curies":[{"name":"wp","href":"https:\/\/api.w.org\/{rel}","templated":true}]}}