{"id":29257,"date":"2025-08-19T15:49:04","date_gmt":"2025-08-19T19:49:04","guid":{"rendered":"https:\/\/iutilityvenezuela.com\/?post_type=product&#038;p=29257"},"modified":"2025-11-17T19:08:40","modified_gmt":"2025-11-17T23:08:40","slug":"pertiga-para-detector-de-voltaje-de-12-metros","status":"publish","type":"product","link":"https:\/\/iutilityvenezuela.com\/?product=pertiga-para-detector-de-voltaje-de-12-metros","title":{"rendered":"P\u00e9rtiga para Detector de Voltaje de 12 metros"},"content":{"rendered":"<p>Est\u00e1 fabricado con componentes aislados de alta resistencia, con bot\u00f3n de funcionamiento externo, para que el funcionamiento sea de menor esfuerzo. Con barra peque\u00f1a tipo tirador interno para evitar golpes. El gancho de operaci\u00f3n m\u00f3vil es f\u00e1cil de abrir y cerrar, el posicionamiento de operaci\u00f3n es firme y nunca se desacopla.<\/p>\n<p><strong>Llave aislada:<\/strong> f\u00e1cil de operar y usar, ahorra mano de obra.<br \/>\n<strong>Cuerpo de varilla aislado:<\/strong> material FRP de resina epoxi con fuerte aislamiento y alta seguridad.<br \/>\n<strong>Gancho doblador de aleaci\u00f3n:<\/strong> operaci\u00f3n flexible, m\u00faltiples funciones, no es f\u00e1cil de usar.<br \/>\n<strong>Control deslizante con bot\u00f3n pulsador:<\/strong> se puede abrir autom\u00e1ticamente con el bot\u00f3n.<br \/>\n<strong>Mango:<\/strong> dise\u00f1o antideslizante.<\/p>\n<p style=\"padding-left: 40px\"><strong>MODELO <\/strong>\u00a0IR-240<br \/>\n<strong>LONGUITUD (M) <\/strong>\u00a012M<br \/>\n<strong>SECCI\u00d3N <\/strong>\u00a09<\/p>\n<pre style=\"text-align: right\">10186348<\/pre>\n","protected":false},"excerpt":{"rendered":"<p>P\u00e9rtiga para detector de voltaje tipo escopeta de longitud fija con varilla de operaci\u00f3n interna, es una herramienta especial para la instalaci\u00f3n y operaci\u00f3n de aparatos de construcci\u00f3n de trabajo vivo, tambi\u00e9n para trabajos no vivos.<\/p>\n","protected":false},"featured_media":29276,"comment_status":"open","ping_status":"closed","template":"","meta":[],"product_brand":[104],"product_cat":[192],"product_tag":[214,213,212,215],"class_list":{"0":"post-29257","1":"product","2":"type-product","3":"status-publish","4":"has-post-thumbnail","6":"product_brand-iutility","7":"product_cat-manual","8":"product_tag-alta-resistencia","9":"product_tag-detector-de-voltaje","10":"product_tag-pertiga","11":"product_tag-ss2-2","13":"first","14":"instock","15":"taxable","16":"shipping-taxable","17":"purchasable","18":"product-type-simple"},"_links":{"self":[{"href":"https:\/\/iutilityvenezuela.com\/index.php?rest_route=\/wp\/v2\/product\/29257","targetHints":{"allow":["GET"]}}],"collection":[{"href":"https:\/\/iutilityvenezuela.com\/index.php?rest_route=\/wp\/v2\/product"}],"about":[{"href":"https:\/\/iutilityvenezuela.com\/index.php?rest_route=\/wp\/v2\/types\/product"}],"replies":[{"embeddable":true,"href":"https:\/\/iutilityvenezuela.com\/index.php?rest_route=%2Fwp%2Fv2%2Fcomments&post=29257"}],"version-history":[{"count":8,"href":"https:\/\/iutilityvenezuela.com\/index.php?rest_route=\/wp\/v2\/product\/29257\/revisions"}],"predecessor-version":[{"id":29461,"href":"https:\/\/iutilityvenezuela.com\/index.php?rest_route=\/wp\/v2\/product\/29257\/revisions\/29461"}],"wp:featuredmedia":[{"embeddable":true,"href":"https:\/\/iutilityvenezuela.com\/index.php?rest_route=\/wp\/v2\/media\/29276"}],"wp:attachment":[{"href":"https:\/\/iutilityvenezuela.com\/index.php?rest_route=%2Fwp%2Fv2%2Fmedia&parent=29257"}],"wp:term":[{"taxonomy":"product_brand","embeddable":true,"href":"https:\/\/iutilityvenezuela.com\/index.php?rest_route=%2Fwp%2Fv2%2Fproduct_brand&post=29257"},{"taxonomy":"product_cat","embeddable":true,"href":"https:\/\/iutilityvenezuela.com\/index.php?rest_route=%2Fwp%2Fv2%2Fproduct_cat&post=29257"},{"taxonomy":"product_tag","embeddable":true,"href":"https:\/\/iutilityvenezuela.com\/index.php?rest_route=%2Fwp%2Fv2%2Fproduct_tag&post=29257"}],"curies":[{"name":"wp","href":"https:\/\/api.w.org\/{rel}","templated":true}]}}