{"id":29244,"date":"2025-08-19T14:15:18","date_gmt":"2025-08-19T18:15:18","guid":{"rendered":"https:\/\/iutilityvenezuela.com\/?post_type=product&#038;p=29244"},"modified":"2025-10-19T21:45:14","modified_gmt":"2025-10-20T01:45:14","slug":"equipo-para-detencion-de-falla-de-cable-iutility-t-32","status":"publish","type":"product","link":"https:\/\/iutilityvenezuela.com\/?product=equipo-para-detencion-de-falla-de-cable-iutility-t-32","title":{"rendered":"Equipo para Detenci\u00f3n de Falla de Cable IUTILITY T-32"},"content":{"rendered":"<div>\n<div>Con componentes electr\u00f3nicos de alta precisi\u00f3n y alta estabilidad, y estructuras y procesos especiales. Integra el aumento de voltaje, el rectificador, la capacitancia de pulso y el control de descarga en uno. Ligero, portable, preciso y confiable, ayudando a localizar r\u00e1pidamente los fallos y reducir el tiempo de apagado de la electricidad.<\/div>\n<div><\/div>\n<div>\n<div><strong>T32 consta de tres partes<\/strong><\/div>\n<div>\n<div>Generador de sobretensiones para localizaci\u00f3n de fallas, modelo LP30\/4+.<\/div>\n<div>Localizador preliminar de fallas de cables (TDR), modelo WL50+.<\/div>\n<div>Localizador de fallas de cables, modelo PP20.<\/div>\n<\/div>\n<\/div>\n<p><strong><br \/>\n1.<\/strong> Aplicado a cables el\u00e9ctricos de 1-500kV.<br \/>\n<strong>2.<\/strong> Subida de tensi\u00f3n (golpeante) de 32kV, entrega 2048 J.<br \/>\n<strong>3.<\/strong> M\u00e1xima seguridad durante la aplicaci\u00f3n.<br \/>\n<strong>4.<\/strong> Soporte para m\u00e9todos de prelocalizaci\u00f3n LV TDR, ICE y ARM.<br \/>\n<strong>5.<\/strong> Localizaci\u00f3n precisa magn\u00e9tico-ac\u00fastica.<br \/>\n<strong>6.<\/strong> Cada parte puede usarse de forma independiente.<\/p>\n<\/div>\n<div>\n<p><img fetchpriority=\"high\" decoding=\"async\" class=\"alignnone wp-image-29379 size-medium\" src=\"https:\/\/iutilityvenezuela.com\/wp-content\/uploads\/2025\/08\/EQUIPO-PARA-DETENCION-DE-FALLA-DE-CABLE-IUTILITY-T-32-TAMBO-347x300.webp\" alt=\"\" width=\"347\" height=\"300\" srcset=\"https:\/\/iutilityvenezuela.com\/wp-content\/uploads\/2025\/08\/EQUIPO-PARA-DETENCION-DE-FALLA-DE-CABLE-IUTILITY-T-32-TAMBO-347x300.webp 347w, https:\/\/iutilityvenezuela.com\/wp-content\/uploads\/2025\/08\/EQUIPO-PARA-DETENCION-DE-FALLA-DE-CABLE-IUTILITY-T-32-TAMBO-926x800.webp 926w, https:\/\/iutilityvenezuela.com\/wp-content\/uploads\/2025\/08\/EQUIPO-PARA-DETENCION-DE-FALLA-DE-CABLE-IUTILITY-T-32-TAMBO-768x664.webp 768w, https:\/\/iutilityvenezuela.com\/wp-content\/uploads\/2025\/08\/EQUIPO-PARA-DETENCION-DE-FALLA-DE-CABLE-IUTILITY-T-32-TAMBO-350x302.webp 350w, https:\/\/iutilityvenezuela.com\/wp-content\/uploads\/2025\/08\/EQUIPO-PARA-DETENCION-DE-FALLA-DE-CABLE-IUTILITY-T-32-TAMBO-500x432.webp 500w, https:\/\/iutilityvenezuela.com\/wp-content\/uploads\/2025\/08\/EQUIPO-PARA-DETENCION-DE-FALLA-DE-CABLE-IUTILITY-T-32-TAMBO-150x130.webp 150w, https:\/\/iutilityvenezuela.com\/wp-content\/uploads\/2025\/08\/EQUIPO-PARA-DETENCION-DE-FALLA-DE-CABLE-IUTILITY-T-32-TAMBO.webp 1200w\" sizes=\"(max-width: 347px) 100vw, 347px\" \/><\/p>\n<\/div>\n","protected":false},"excerpt":{"rendered":"<p>Equipo para probar varios fallos de aislamiento principal de cables el\u00e9ctricos de 0-500 kV. Genera impulsos de alta tensi\u00f3n peri\u00f3dicos para hacer que el punto de fallo del cable se rompa y descargue, y trabaja junto con el reflector de onda TDR y el localizador de puntos para medir la distancia y localizar el fallo.<\/p>\n","protected":false},"featured_media":29376,"comment_status":"open","ping_status":"closed","template":"","meta":[],"product_brand":[104],"product_cat":[207],"product_tag":[211,209,210],"class_list":{"0":"post-29244","1":"product","2":"type-product","3":"status-publish","4":"has-post-thumbnail","6":"product_brand-iutility","7":"product_cat-equipos","8":"product_tag-equipo-para-detencion","9":"product_tag-falla-de-cable","10":"product_tag-tambos","12":"first","13":"instock","14":"taxable","15":"shipping-taxable","16":"purchasable","17":"product-type-simple"},"_links":{"self":[{"href":"https:\/\/iutilityvenezuela.com\/index.php?rest_route=\/wp\/v2\/product\/29244","targetHints":{"allow":["GET"]}}],"collection":[{"href":"https:\/\/iutilityvenezuela.com\/index.php?rest_route=\/wp\/v2\/product"}],"about":[{"href":"https:\/\/iutilityvenezuela.com\/index.php?rest_route=\/wp\/v2\/types\/product"}],"replies":[{"embeddable":true,"href":"https:\/\/iutilityvenezuela.com\/index.php?rest_route=%2Fwp%2Fv2%2Fcomments&post=29244"}],"version-history":[{"count":13,"href":"https:\/\/iutilityvenezuela.com\/index.php?rest_route=\/wp\/v2\/product\/29244\/revisions"}],"predecessor-version":[{"id":29254,"href":"https:\/\/iutilityvenezuela.com\/index.php?rest_route=\/wp\/v2\/product\/29244\/revisions\/29254"}],"wp:featuredmedia":[{"embeddable":true,"href":"https:\/\/iutilityvenezuela.com\/index.php?rest_route=\/wp\/v2\/media\/29376"}],"wp:attachment":[{"href":"https:\/\/iutilityvenezuela.com\/index.php?rest_route=%2Fwp%2Fv2%2Fmedia&parent=29244"}],"wp:term":[{"taxonomy":"product_brand","embeddable":true,"href":"https:\/\/iutilityvenezuela.com\/index.php?rest_route=%2Fwp%2Fv2%2Fproduct_brand&post=29244"},{"taxonomy":"product_cat","embeddable":true,"href":"https:\/\/iutilityvenezuela.com\/index.php?rest_route=%2Fwp%2Fv2%2Fproduct_cat&post=29244"},{"taxonomy":"product_tag","embeddable":true,"href":"https:\/\/iutilityvenezuela.com\/index.php?rest_route=%2Fwp%2Fv2%2Fproduct_tag&post=29244"}],"curies":[{"name":"wp","href":"https:\/\/api.w.org\/{rel}","templated":true}]}}