{"id":28808,"date":"2025-06-23T18:32:22","date_gmt":"2025-06-23T22:32:22","guid":{"rendered":"https:\/\/iutility.grupoloscar.net\/?post_type=product&#038;p=28808"},"modified":"2025-10-23T23:47:45","modified_gmt":"2025-10-24T03:47:45","slug":"terminal-pozuelo-15kv-200a-para-transformadores","status":"publish","type":"product","link":"https:\/\/iutilityvenezuela.com\/?product=terminal-pozuelo-15kv-200a-para-transformadores","title":{"rendered":"TERMINAL POZUELO 15KV 200A PARA TRANSFORMADORES"},"content":{"rendered":"<p>La boquilla tipo Pozo Chardon es montada externamente y fijada en su lugar con abrazaderas de montaje de acero al carbono galvanizado o acero inoxidable de 3 o 4 orificios. Se instala en pistas de 2.56 pulgadas (65 mm) en el costado del equipo. La Boquilla tipo Pozo Chardon fue dise\u00f1ado para aceptar buchas de inserci\u00f3n Chardon, as\u00ed como todos los dem\u00e1s que cumplan con el est\u00e1ndar IEEE 386.<\/p>\n<hr \/>\n<h4><span style=\"color: #000000\"><strong>Recursos (2)<\/strong><\/span><\/h4>\n<p><strong><a class=\"keychainify-checked\" style=\"color: #000000\" href=\"https:\/\/www.chardongroup.com\/wp-content\/uploads\/2022\/09\/CH200BW_090722-min.pdf\" target=\"_blank\" rel=\"noopener\"><img decoding=\"async\" class=\"alignnone wp-image-29020 size-full\" src=\"https:\/\/iutility.grupoloscar.net\/wp-content\/uploads\/2025\/05\/descargar.png\" alt=\"\" width=\"24\" height=\"24\" \/><\/a><a class=\"keychainify-checked\" href=\"https:\/\/www.chardongroup.com\/wp-content\/uploads\/2022\/09\/CH200BW_090722-min.pdf\" target=\"_blank\" rel=\"noopener\">Descargar cat\u00e1logo<\/a><\/strong><\/p>\n<p><strong><span style=\"color: #000000\"><a class=\"keychainify-checked\" style=\"color: #000000\" href=\"https:\/\/www.chardongroup.com\/wp-content\/uploads\/2022\/07\/58.CH200BWBushingwell.pdf\" target=\"_blank\" rel=\"noopener\"><img decoding=\"async\" class=\"alignnone wp-image-29020 size-full\" src=\"https:\/\/iutility.grupoloscar.net\/wp-content\/uploads\/2025\/05\/descargar.png\" alt=\"\" width=\"24\" height=\"24\" \/><\/a><\/span><a class=\"keychainify-checked\" href=\"https:\/\/www.chardongroup.com\/wp-content\/uploads\/2022\/07\/58.CH200BWBushingwell.pdf\" target=\"_blank\" rel=\"noopener\">Descargar Instructivo de Instalaci\u00f3n<\/a><\/strong><\/p>\n<pre style=\"text-align: right\">CHTT0002<\/pre>\n","protected":false},"excerpt":{"rendered":"<p>a boquilla tipo Pozo Chardon es montada externamente y fijada en su lugar con abrazaderas de montaje de acero al carbono galvanizado o acero inoxidable de 3 o 4 orificios. Se instala en pistas de 2.56 pulgadas (65 mm) en el costado del equipo.<\/p>\n","protected":false},"featured_media":28809,"comment_status":"open","ping_status":"closed","template":"","meta":[],"product_brand":[99],"product_cat":[77,176],"product_tag":[174,156],"class_list":{"0":"post-28808","1":"product","2":"type-product","3":"status-publish","4":"has-post-thumbnail","6":"product_brand-chardon","7":"product_cat-terminales","8":"product_cat-boquilla","9":"product_tag-boquilla-tipo-pozo","10":"product_tag-para-transformadores","12":"first","13":"instock","14":"taxable","15":"shipping-taxable","16":"purchasable","17":"product-type-simple"},"_links":{"self":[{"href":"https:\/\/iutilityvenezuela.com\/index.php?rest_route=\/wp\/v2\/product\/28808","targetHints":{"allow":["GET"]}}],"collection":[{"href":"https:\/\/iutilityvenezuela.com\/index.php?rest_route=\/wp\/v2\/product"}],"about":[{"href":"https:\/\/iutilityvenezuela.com\/index.php?rest_route=\/wp\/v2\/types\/product"}],"replies":[{"embeddable":true,"href":"https:\/\/iutilityvenezuela.com\/index.php?rest_route=%2Fwp%2Fv2%2Fcomments&post=28808"}],"version-history":[{"count":4,"href":"https:\/\/iutilityvenezuela.com\/index.php?rest_route=\/wp\/v2\/product\/28808\/revisions"}],"predecessor-version":[{"id":29664,"href":"https:\/\/iutilityvenezuela.com\/index.php?rest_route=\/wp\/v2\/product\/28808\/revisions\/29664"}],"wp:featuredmedia":[{"embeddable":true,"href":"https:\/\/iutilityvenezuela.com\/index.php?rest_route=\/wp\/v2\/media\/28809"}],"wp:attachment":[{"href":"https:\/\/iutilityvenezuela.com\/index.php?rest_route=%2Fwp%2Fv2%2Fmedia&parent=28808"}],"wp:term":[{"taxonomy":"product_brand","embeddable":true,"href":"https:\/\/iutilityvenezuela.com\/index.php?rest_route=%2Fwp%2Fv2%2Fproduct_brand&post=28808"},{"taxonomy":"product_cat","embeddable":true,"href":"https:\/\/iutilityvenezuela.com\/index.php?rest_route=%2Fwp%2Fv2%2Fproduct_cat&post=28808"},{"taxonomy":"product_tag","embeddable":true,"href":"https:\/\/iutilityvenezuela.com\/index.php?rest_route=%2Fwp%2Fv2%2Fproduct_tag&post=28808"}],"curies":[{"name":"wp","href":"https:\/\/api.w.org\/{rel}","templated":true}]}}