{"id":28805,"date":"2025-06-23T18:29:40","date_gmt":"2025-06-23T22:29:40","guid":{"rendered":"https:\/\/iutility.grupoloscar.net\/?post_type=product&#038;p=28805"},"modified":"2025-10-23T23:06:12","modified_gmt":"2025-10-24T03:06:12","slug":"terminal-modular-insercion-25kv-200a","status":"publish","type":"product","link":"https:\/\/iutilityvenezuela.com\/?product=terminal-modular-insercion-25kv-200a","title":{"rendered":"TERMINAL MODULAR INSERCION 25KV 200A"},"content":{"rendered":"<p>La Boquilla tipo Inserto de CHARDON est\u00e1 dise\u00f1ada para instalarse en boquillas tipo pozo para media tensi\u00f3n y se utiliza para conectar Codos de Operaci\u00f3n con Carga. Utilizar boquillas tipo Inserto hace que la instalaci\u00f3n y mantenimiento en campo sea posible y eficiente.<\/p>\n<hr \/>\n<h4><span style=\"color: #000000\"><strong>Recursos (2)<\/strong><\/span><\/h4>\n<p><strong><a class=\"keychainify-checked\" style=\"color: #000000\" href=\"https:\/\/www.chardongroup.com\/wp-content\/uploads\/2022\/05\/25LBI200.pdf\" target=\"_blank\" rel=\"noopener\"><img decoding=\"async\" class=\"alignnone wp-image-29020 size-full\" src=\"https:\/\/iutility.grupoloscar.net\/wp-content\/uploads\/2025\/05\/descargar.png\" alt=\"\" width=\"24\" height=\"24\" \/><\/a><a class=\"keychainify-checked\" href=\"https:\/\/www.chardongroup.com\/wp-content\/uploads\/2022\/05\/25LBI200.pdf\" target=\"_blank\" rel=\"noopener\">Descargar cat\u00e1logo<\/a><\/strong><\/p>\n<p><strong><span style=\"color: #000000\"><a class=\"keychainify-checked\" style=\"color: #000000\" href=\"https:\/\/www.chardongroup.com\/wp-content\/uploads\/2022\/05\/2.152535-LBI200REV04_Final-1.pdf\" target=\"_blank\" rel=\"noopener\"><img decoding=\"async\" class=\"alignnone wp-image-29020 size-full\" src=\"https:\/\/iutility.grupoloscar.net\/wp-content\/uploads\/2025\/05\/descargar.png\" alt=\"\" width=\"24\" height=\"24\" \/><\/a><\/span><a class=\"keychainify-checked\" href=\"https:\/\/www.chardongroup.com\/wp-content\/uploads\/2022\/05\/2.152535-LBI200REV04_Final-1.pdf\" target=\"_blank\" rel=\"noopener\">Descargar Instructivo de Instalaci\u00f3n<\/a><\/strong><\/p>\n<pre style=\"text-align: right\">CHTM0003<\/pre>\n","protected":false},"excerpt":{"rendered":"<p>La Boquilla tipo Inserto de CHARDON est\u00e1 dise\u00f1ada para instalarse en boquillas tipo pozo para media tensi\u00f3n y se utiliza para conectar Codos de Operaci\u00f3n con Carga.<\/p>\n","protected":false},"featured_media":28806,"comment_status":"open","ping_status":"closed","template":"","meta":[],"product_brand":[99],"product_cat":[77,176],"product_tag":[151,175,174],"class_list":{"0":"post-28805","1":"product","2":"type-product","3":"status-publish","4":"has-post-thumbnail","6":"product_brand-chardon","7":"product_cat-terminales","8":"product_cat-boquilla","9":"product_tag-accesorios-para-cables-ieee-ansi","10":"product_tag-boquilla-tipo-insercion","11":"product_tag-boquilla-tipo-pozo","13":"first","14":"instock","15":"taxable","16":"shipping-taxable","17":"purchasable","18":"product-type-simple"},"_links":{"self":[{"href":"https:\/\/iutilityvenezuela.com\/index.php?rest_route=\/wp\/v2\/product\/28805","targetHints":{"allow":["GET"]}}],"collection":[{"href":"https:\/\/iutilityvenezuela.com\/index.php?rest_route=\/wp\/v2\/product"}],"about":[{"href":"https:\/\/iutilityvenezuela.com\/index.php?rest_route=\/wp\/v2\/types\/product"}],"replies":[{"embeddable":true,"href":"https:\/\/iutilityvenezuela.com\/index.php?rest_route=%2Fwp%2Fv2%2Fcomments&post=28805"}],"version-history":[{"count":5,"href":"https:\/\/iutilityvenezuela.com\/index.php?rest_route=\/wp\/v2\/product\/28805\/revisions"}],"predecessor-version":[{"id":29640,"href":"https:\/\/iutilityvenezuela.com\/index.php?rest_route=\/wp\/v2\/product\/28805\/revisions\/29640"}],"wp:featuredmedia":[{"embeddable":true,"href":"https:\/\/iutilityvenezuela.com\/index.php?rest_route=\/wp\/v2\/media\/28806"}],"wp:attachment":[{"href":"https:\/\/iutilityvenezuela.com\/index.php?rest_route=%2Fwp%2Fv2%2Fmedia&parent=28805"}],"wp:term":[{"taxonomy":"product_brand","embeddable":true,"href":"https:\/\/iutilityvenezuela.com\/index.php?rest_route=%2Fwp%2Fv2%2Fproduct_brand&post=28805"},{"taxonomy":"product_cat","embeddable":true,"href":"https:\/\/iutilityvenezuela.com\/index.php?rest_route=%2Fwp%2Fv2%2Fproduct_cat&post=28805"},{"taxonomy":"product_tag","embeddable":true,"href":"https:\/\/iutilityvenezuela.com\/index.php?rest_route=%2Fwp%2Fv2%2Fproduct_tag&post=28805"}],"curies":[{"name":"wp","href":"https:\/\/api.w.org\/{rel}","templated":true}]}}