{"id":28802,"date":"2025-06-23T18:22:33","date_gmt":"2025-06-23T22:22:33","guid":{"rendered":"https:\/\/iutility.grupoloscar.net\/?post_type=product&#038;p=28802"},"modified":"2025-10-23T21:07:43","modified_gmt":"2025-10-24T01:07:43","slug":"terminal-modular-insercion-15kv-200a","status":"publish","type":"product","link":"https:\/\/iutilityvenezuela.com\/?product=terminal-modular-insercion-15kv-200a","title":{"rendered":"TERMINAL MODULAR INSERCION 15KV 200A\u00a0"},"content":{"rendered":"<p>La Boquilla tipo Inserto de CHARDON, dise\u00f1ada espec\u00edficamente para boquillas tipo pozo para media tensi\u00f3n, facilita la conexi\u00f3n de Codos de Operaci\u00f3n con Carga. Su uso optimiza tanto la instalaci\u00f3n como el mantenimiento en campo, garantizando eficiencia y practicidad. Esta boquilla cumple con los est\u00e1ndares de la IEEE para Conectadores Separables en Sistemas Aislados, conforme a la norma ANSI\/IEEE 386, asegurando compatibilidad y rendimiento \u00f3ptimo en operaciones con boquillas tipo pozo.<\/p>\n<hr \/>\n<h4><span style=\"color: #000000\"><strong>Recursos (2)<\/strong><\/span><\/h4>\n<p><strong><a class=\"keychainify-checked\" style=\"color: #000000\" href=\"https:\/\/www.chardongroup.com\/wp-content\/uploads\/2022\/05\/15LBI200.pdf\" target=\"_blank\" rel=\"noopener\"><img decoding=\"async\" class=\"alignnone wp-image-29020 size-full\" src=\"https:\/\/iutility.grupoloscar.net\/wp-content\/uploads\/2025\/05\/descargar.png\" alt=\"\" width=\"24\" height=\"24\" \/><\/a><a class=\"keychainify-checked\" href=\"https:\/\/www.chardongroup.com\/wp-content\/uploads\/2022\/05\/15LBI200.pdf\" target=\"_blank\" rel=\"noopener\">Descargar cat\u00e1logo<\/a><\/strong><\/p>\n<p><strong><span style=\"color: #000000\"><a class=\"keychainify-checked\" style=\"color: #000000\" href=\"https:\/\/www.chardongroup.com\/wp-content\/uploads\/2022\/05\/2.152535-LBI200REV04_Final.pdf\" target=\"_blank\" rel=\"noopener\"><img decoding=\"async\" class=\"alignnone wp-image-29020 size-full\" src=\"https:\/\/iutility.grupoloscar.net\/wp-content\/uploads\/2025\/05\/descargar.png\" alt=\"\" width=\"24\" height=\"24\" \/><\/a><\/span><a class=\"keychainify-checked\" href=\"https:\/\/www.chardongroup.com\/wp-content\/uploads\/2022\/05\/2.152535-LBI200REV04_Final.pdf\" target=\"_blank\" rel=\"noopener\">Descargar Instructivo de Instalaci\u00f3n<\/a><br \/>\n<\/strong><\/p>\n<pre style=\"text-align: right\">1849 \/ 10199134<\/pre>\n","protected":false},"excerpt":{"rendered":"<p>La Boquilla tipo Inserto de CHARDON, dise\u00f1ada espec\u00edficamente para boquillas tipo pozo para media tensi\u00f3n, facilita la conexi\u00f3n de Codos de Operaci\u00f3n con Carga. Su uso optimiza tanto la instalaci\u00f3n como el mantenimiento en campo, garantizando eficiencia y practicidad.<\/p>\n","protected":false},"featured_media":28803,"comment_status":"open","ping_status":"closed","template":"","meta":[],"product_brand":[99],"product_cat":[77,176],"product_tag":[151,175,174],"class_list":{"0":"post-28802","1":"product","2":"type-product","3":"status-publish","4":"has-post-thumbnail","6":"product_brand-chardon","7":"product_cat-terminales","8":"product_cat-boquilla","9":"product_tag-accesorios-para-cables-ieee-ansi","10":"product_tag-boquilla-tipo-insercion","11":"product_tag-boquilla-tipo-pozo","13":"first","14":"instock","15":"taxable","16":"shipping-taxable","17":"purchasable","18":"product-type-simple"},"_links":{"self":[{"href":"https:\/\/iutilityvenezuela.com\/index.php?rest_route=\/wp\/v2\/product\/28802","targetHints":{"allow":["GET"]}}],"collection":[{"href":"https:\/\/iutilityvenezuela.com\/index.php?rest_route=\/wp\/v2\/product"}],"about":[{"href":"https:\/\/iutilityvenezuela.com\/index.php?rest_route=\/wp\/v2\/types\/product"}],"replies":[{"embeddable":true,"href":"https:\/\/iutilityvenezuela.com\/index.php?rest_route=%2Fwp%2Fv2%2Fcomments&post=28802"}],"version-history":[{"count":5,"href":"https:\/\/iutilityvenezuela.com\/index.php?rest_route=\/wp\/v2\/product\/28802\/revisions"}],"predecessor-version":[{"id":29600,"href":"https:\/\/iutilityvenezuela.com\/index.php?rest_route=\/wp\/v2\/product\/28802\/revisions\/29600"}],"wp:featuredmedia":[{"embeddable":true,"href":"https:\/\/iutilityvenezuela.com\/index.php?rest_route=\/wp\/v2\/media\/28803"}],"wp:attachment":[{"href":"https:\/\/iutilityvenezuela.com\/index.php?rest_route=%2Fwp%2Fv2%2Fmedia&parent=28802"}],"wp:term":[{"taxonomy":"product_brand","embeddable":true,"href":"https:\/\/iutilityvenezuela.com\/index.php?rest_route=%2Fwp%2Fv2%2Fproduct_brand&post=28802"},{"taxonomy":"product_cat","embeddable":true,"href":"https:\/\/iutilityvenezuela.com\/index.php?rest_route=%2Fwp%2Fv2%2Fproduct_cat&post=28802"},{"taxonomy":"product_tag","embeddable":true,"href":"https:\/\/iutilityvenezuela.com\/index.php?rest_route=%2Fwp%2Fv2%2Fproduct_tag&post=28802"}],"curies":[{"name":"wp","href":"https:\/\/api.w.org\/{rel}","templated":true}]}}