{"id":28763,"date":"2025-06-23T17:12:00","date_gmt":"2025-06-23T21:12:00","guid":{"rendered":"https:\/\/iutility.grupoloscar.net\/?post_type=product&#038;p=28763"},"modified":"2025-10-23T20:48:18","modified_gmt":"2025-10-24T00:48:18","slug":"terminacion-contractil-en-frio-ext-15kv-2-awg","status":"publish","type":"product","link":"https:\/\/iutilityvenezuela.com\/?product=terminacion-contractil-en-frio-ext-15kv-2-awg","title":{"rendered":"TERMINACION CONTRACTIL EN FRIO EXT 15KV  2 AWG"},"content":{"rendered":"<p>La terminal contr\u00e1ctil en fr\u00edo ofrece una f\u00e1cil instalaci\u00f3n, desempe\u00f1o confiable en Media tensi\u00f3n y puede usarse en exteriores o interiores. De gran calidad, hecha de silicona resistente a los rayos UV, la terminal Chardon ofrece una combinaci\u00f3n de durabilidad y alto desempe\u00f1o. Para instalarlas no se necesita ninguna herramienta o soplete. Este producto ha sido dise\u00f1ado para tener una vida \u00fatil igual a la de los cables de potencia.<\/p>\n<hr \/>\n<h4><span style=\"color: #000000\"><strong>Recursos (2)<\/strong><\/span><\/h4>\n<p><strong><a class=\"keychainify-checked\" style=\"color: #000000\" href=\"https:\/\/www.chardongroup.com\/wp-content\/uploads\/2024\/07\/152535CSTO_07182024_final_compressed-2.pdf\" target=\"_blank\" rel=\"noopener\"><img decoding=\"async\" class=\"alignnone wp-image-29020 size-full\" src=\"https:\/\/iutility.grupoloscar.net\/wp-content\/uploads\/2025\/05\/descargar.png\" alt=\"\" width=\"24\" height=\"24\" \/><\/a><a class=\"keychainify-checked\" href=\"https:\/\/www.chardongroup.com\/wp-content\/uploads\/2024\/07\/152535CSTO_07182024_final_compressed-2.pdf\" target=\"_blank\" rel=\"noopener\">Descargar cat\u00e1logo<\/a><\/strong><\/p>\n<p><strong><span style=\"color: #000000\"><a class=\"keychainify-checked\" style=\"color: #000000\" href=\"https:\/\/www.chardongroup.com\/wp-content\/uploads\/2022\/11\/55.1525_CSTO_REV04Final.pdf\" target=\"_blank\" rel=\"noopener\"><img decoding=\"async\" class=\"alignnone wp-image-29020 size-full\" src=\"https:\/\/iutility.grupoloscar.net\/wp-content\/uploads\/2025\/05\/descargar.png\" alt=\"\" width=\"24\" height=\"24\" \/><\/a><\/span><a class=\"keychainify-checked\" href=\"https:\/\/www.chardongroup.com\/wp-content\/uploads\/2022\/11\/55.1525_CSTO_REV04Final.pdf\" target=\"_blank\" rel=\"noopener\">Descargar Instructivo de Instalaci\u00f3n<\/a><\/strong><\/p>\n<pre style=\"text-align: right\">14397 \/ 10199077<\/pre>\n","protected":false},"excerpt":{"rendered":"<p>La terminal contr\u00e1ctil en fr\u00edo ofrece una f\u00e1cil instalaci\u00f3n, desempe\u00f1o confiable en Media tensi\u00f3n y puede usarse en exteriores o interiores. De gran calidad, hecha de silicona resistente a los rayos UV, la terminal Chardon ofrece una combinaci\u00f3n de durabilidad y alto desempe\u00f1o.<\/p>\n","protected":false},"featured_media":28764,"comment_status":"open","ping_status":"closed","template":"","meta":[],"product_brand":[99],"product_cat":[77,177],"product_tag":[154,155],"class_list":{"0":"post-28763","1":"product","2":"type-product","3":"status-publish","4":"has-post-thumbnail","6":"product_brand-chardon","7":"product_cat-terminales","8":"product_cat-contractil-en-frio","9":"product_tag-accesorios-para-cables-iec","10":"product_tag-terminaciones-contraible-en-frio","12":"first","13":"instock","14":"taxable","15":"shipping-taxable","16":"purchasable","17":"product-type-simple"},"_links":{"self":[{"href":"https:\/\/iutilityvenezuela.com\/index.php?rest_route=\/wp\/v2\/product\/28763","targetHints":{"allow":["GET"]}}],"collection":[{"href":"https:\/\/iutilityvenezuela.com\/index.php?rest_route=\/wp\/v2\/product"}],"about":[{"href":"https:\/\/iutilityvenezuela.com\/index.php?rest_route=\/wp\/v2\/types\/product"}],"replies":[{"embeddable":true,"href":"https:\/\/iutilityvenezuela.com\/index.php?rest_route=%2Fwp%2Fv2%2Fcomments&post=28763"}],"version-history":[{"count":4,"href":"https:\/\/iutilityvenezuela.com\/index.php?rest_route=\/wp\/v2\/product\/28763\/revisions"}],"predecessor-version":[{"id":29589,"href":"https:\/\/iutilityvenezuela.com\/index.php?rest_route=\/wp\/v2\/product\/28763\/revisions\/29589"}],"wp:featuredmedia":[{"embeddable":true,"href":"https:\/\/iutilityvenezuela.com\/index.php?rest_route=\/wp\/v2\/media\/28764"}],"wp:attachment":[{"href":"https:\/\/iutilityvenezuela.com\/index.php?rest_route=%2Fwp%2Fv2%2Fmedia&parent=28763"}],"wp:term":[{"taxonomy":"product_brand","embeddable":true,"href":"https:\/\/iutilityvenezuela.com\/index.php?rest_route=%2Fwp%2Fv2%2Fproduct_brand&post=28763"},{"taxonomy":"product_cat","embeddable":true,"href":"https:\/\/iutilityvenezuela.com\/index.php?rest_route=%2Fwp%2Fv2%2Fproduct_cat&post=28763"},{"taxonomy":"product_tag","embeddable":true,"href":"https:\/\/iutilityvenezuela.com\/index.php?rest_route=%2Fwp%2Fv2%2Fproduct_tag&post=28763"}],"curies":[{"name":"wp","href":"https:\/\/api.w.org\/{rel}","templated":true}]}}