{"id":28727,"date":"2025-06-23T16:11:02","date_gmt":"2025-06-23T20:11:02","guid":{"rendered":"https:\/\/iutility.grupoloscar.net\/?post_type=product&#038;p=28727"},"modified":"2025-10-31T10:03:47","modified_gmt":"2025-10-31T14:03:47","slug":"codo-portafusible-15kv-200a","status":"publish","type":"product","link":"https:\/\/iutilityvenezuela.com\/?product=codo-portafusible-15kv-200a","title":{"rendered":"CODO PORTAFUSIBLE 15KV 200A"},"content":{"rendered":"<p>El Codo Portafusible CHARDON es un conector para sistemas de Operaci\u00f3n Con Carga, completamente aislado y sumergible, y debido a su fusible otorga un rango limitador de corriente. Se utiliza para conexiones subterr\u00e1neas entre el cable para media tensi\u00f3n y transformadores, seccionadores o derivaciones equipadas con boquillas tipo pozo operaci\u00f3n con carga.<\/p>\n<hr \/>\n<h4><span style=\"color: #000000\"><strong>Recursos (2)<\/strong><\/span><\/h4>\n<p><strong><a class=\"keychainify-checked\" style=\"color: #000000\" href=\"https:\/\/www.chardongroup.com\/wp-content\/uploads\/2023\/03\/15LFE200.pdf\" target=\"_blank\" rel=\"noopener\"><img decoding=\"async\" class=\"alignnone wp-image-29020 size-full\" src=\"https:\/\/iutility.grupoloscar.net\/wp-content\/uploads\/2025\/05\/descargar.png\" alt=\"\" width=\"24\" height=\"24\" \/><\/a><a class=\"keychainify-checked\" href=\"https:\/\/www.chardongroup.com\/wp-content\/uploads\/2023\/03\/15LFE200.pdf\" target=\"_blank\" rel=\"noopener\">Descargar cat\u00e1logo<\/a><\/strong><\/p>\n<p><strong><span style=\"color: #000000\"><a class=\"keychainify-checked\" style=\"color: #000000\" href=\"https:\/\/www.chardongroup.com\/wp-content\/uploads\/2022\/05\/7.15-LFE20015kV200ALoadbreakFuseElbow.pdf\" target=\"_blank\" rel=\"noopener\"><img decoding=\"async\" class=\"alignnone wp-image-29020 size-full\" src=\"https:\/\/iutility.grupoloscar.net\/wp-content\/uploads\/2025\/05\/descargar.png\" alt=\"\" width=\"24\" height=\"24\" \/><\/a><\/span><a class=\"keychainify-checked\" href=\"https:\/\/www.chardongroup.com\/wp-content\/uploads\/2022\/05\/7.15-LFE20015kV200ALoadbreakFuseElbow.pdf\" target=\"_blank\" rel=\"noopener\">Descargar Instructivo de Instalaci\u00f3n<\/a><\/strong><\/p>\n<pre style=\"text-align: right\">CHCD0004<\/pre>\n","protected":false},"excerpt":{"rendered":"<p>El Codo Portafusible CHARDON es un conector para sistemas de Operaci\u00f3n Con Carga, completamente aislado y sumergible, y debido\u00a0a su fusible otorga un rango limitador de corriente.<\/p>\n","protected":false},"featured_media":28896,"comment_status":"open","ping_status":"closed","template":"","meta":[],"product_brand":[99],"product_cat":[76,181],"product_tag":[151,165,164,195,196,163],"class_list":{"0":"post-28727","1":"product","2":"type-product","3":"status-publish","4":"has-post-thumbnail","6":"product_brand-chardon","7":"product_cat-conectores","8":"product_cat-codo","9":"product_tag-accesorios-para-cables-ieee-ansi","10":"product_tag-occ","11":"product_tag-operacion-con-carga","12":"product_tag-porta","13":"product_tag-portafusible","14":"product_tag-rompecarga","16":"first","17":"instock","18":"taxable","19":"shipping-taxable","20":"purchasable","21":"product-type-simple"},"_links":{"self":[{"href":"https:\/\/iutilityvenezuela.com\/index.php?rest_route=\/wp\/v2\/product\/28727","targetHints":{"allow":["GET"]}}],"collection":[{"href":"https:\/\/iutilityvenezuela.com\/index.php?rest_route=\/wp\/v2\/product"}],"about":[{"href":"https:\/\/iutilityvenezuela.com\/index.php?rest_route=\/wp\/v2\/types\/product"}],"replies":[{"embeddable":true,"href":"https:\/\/iutilityvenezuela.com\/index.php?rest_route=%2Fwp%2Fv2%2Fcomments&post=28727"}],"version-history":[{"count":8,"href":"https:\/\/iutilityvenezuela.com\/index.php?rest_route=\/wp\/v2\/product\/28727\/revisions"}],"predecessor-version":[{"id":29604,"href":"https:\/\/iutilityvenezuela.com\/index.php?rest_route=\/wp\/v2\/product\/28727\/revisions\/29604"}],"wp:featuredmedia":[{"embeddable":true,"href":"https:\/\/iutilityvenezuela.com\/index.php?rest_route=\/wp\/v2\/media\/28896"}],"wp:attachment":[{"href":"https:\/\/iutilityvenezuela.com\/index.php?rest_route=%2Fwp%2Fv2%2Fmedia&parent=28727"}],"wp:term":[{"taxonomy":"product_brand","embeddable":true,"href":"https:\/\/iutilityvenezuela.com\/index.php?rest_route=%2Fwp%2Fv2%2Fproduct_brand&post=28727"},{"taxonomy":"product_cat","embeddable":true,"href":"https:\/\/iutilityvenezuela.com\/index.php?rest_route=%2Fwp%2Fv2%2Fproduct_cat&post=28727"},{"taxonomy":"product_tag","embeddable":true,"href":"https:\/\/iutilityvenezuela.com\/index.php?rest_route=%2Fwp%2Fv2%2Fproduct_tag&post=28727"}],"curies":[{"name":"wp","href":"https:\/\/api.w.org\/{rel}","templated":true}]}}