{"id":28721,"date":"2025-06-23T16:07:46","date_gmt":"2025-06-23T20:07:46","guid":{"rendered":"https:\/\/iutility.grupoloscar.net\/?post_type=product&#038;p=28721"},"modified":"2025-10-23T21:09:17","modified_gmt":"2025-10-24T01:09:17","slug":"codo-rompecarga-para-cable-2-0-awg-15kv-200a","status":"publish","type":"product","link":"https:\/\/iutilityvenezuela.com\/?product=codo-rompecarga-para-cable-2-0-awg-15kv-200a","title":{"rendered":"CODO ROMPECARGA PARA CABLE 2\/0 AWG\u00a0 15KV 200A"},"content":{"rendered":"<p>El codo de Operaci\u00f3n con Carga CHARDON es un conector completamente recubierto y aislado. Se utiliza en instalaciones subterr\u00e1neas para conexiones entre el cable para media tensi\u00f3n y transformadores, seccionadores de gabinete y cajas derivadoras que cuenten con boquillas de operaci\u00f3n con carga (OCC 200 AMP). El conector tipo codo y la boquilla tipo inserto son los componentes esenciales de las conexiones de operaci\u00f3n con carga.<\/p>\n<hr \/>\n<h4><span style=\"color: #000000\"><strong>Recursos (2)<\/strong><\/span><\/h4>\n<p><strong><a class=\"keychainify-checked\" style=\"color: #000000\" href=\"https:\/\/www.chardongroup.com\/wp-content\/uploads\/2024\/12\/15LE200-12.16.2024_compressed_compressed.pdf\" target=\"_blank\" rel=\"noopener\"><img decoding=\"async\" class=\"alignnone wp-image-29020 size-full\" src=\"https:\/\/iutility.grupoloscar.net\/wp-content\/uploads\/2025\/05\/descargar.png\" alt=\"\" width=\"24\" height=\"24\" \/><\/a><a class=\"keychainify-checked\" href=\"https:\/\/www.chardongroup.com\/wp-content\/uploads\/2024\/12\/15LE200-12.16.2024_compressed_compressed.pdf\" target=\"_blank\" rel=\"noopener\">Descargar cat\u00e1logo<\/a><\/strong><\/p>\n<p><strong><span style=\"color: #000000\"><a class=\"keychainify-checked\" style=\"color: #000000\" href=\"https:\/\/www.chardongroup.com\/wp-content\/uploads\/2022\/12\/1.-15_25-LE200-Ver-B-1.pdf\" target=\"_blank\" rel=\"noopener\"><img decoding=\"async\" class=\"alignnone wp-image-29020 size-full\" src=\"https:\/\/iutility.grupoloscar.net\/wp-content\/uploads\/2025\/05\/descargar.png\" alt=\"\" width=\"24\" height=\"24\" \/><\/a><\/span><a class=\"keychainify-checked\" href=\"https:\/\/www.chardongroup.com\/wp-content\/uploads\/2022\/12\/1.-15_25-LE200-Ver-B-1.pdf\" target=\"_blank\" rel=\"noopener\">Descargar Instructivo de Instalaci\u00f3n<\/a><\/strong><\/p>\n<pre style=\"text-align: right\">CHCD0002<\/pre>\n","protected":false},"excerpt":{"rendered":"<p>El codo de Operaci\u00f3n con Carga CHARDON es un conector completamente recubierto y aislado. Se utiliza en instalaciones subterr\u00e1neas para conexiones entre el cable para media tensi\u00f3n y transformadores, seccionadores de gabinete y cajas derivadoras que cuenten con boquillas de operaci\u00f3n con carga.<\/p>\n","protected":false},"featured_media":28722,"comment_status":"open","ping_status":"closed","template":"","meta":[],"product_brand":[99],"product_cat":[76,181],"product_tag":[151,165,164,163],"class_list":{"0":"post-28721","1":"product","2":"type-product","3":"status-publish","4":"has-post-thumbnail","6":"product_brand-chardon","7":"product_cat-conectores","8":"product_cat-codo","9":"product_tag-accesorios-para-cables-ieee-ansi","10":"product_tag-occ","11":"product_tag-operacion-con-carga","12":"product_tag-rompecarga","14":"first","15":"instock","16":"taxable","17":"shipping-taxable","18":"purchasable","19":"product-type-simple"},"_links":{"self":[{"href":"https:\/\/iutilityvenezuela.com\/index.php?rest_route=\/wp\/v2\/product\/28721","targetHints":{"allow":["GET"]}}],"collection":[{"href":"https:\/\/iutilityvenezuela.com\/index.php?rest_route=\/wp\/v2\/product"}],"about":[{"href":"https:\/\/iutilityvenezuela.com\/index.php?rest_route=\/wp\/v2\/types\/product"}],"replies":[{"embeddable":true,"href":"https:\/\/iutilityvenezuela.com\/index.php?rest_route=%2Fwp%2Fv2%2Fcomments&post=28721"}],"version-history":[{"count":6,"href":"https:\/\/iutilityvenezuela.com\/index.php?rest_route=\/wp\/v2\/product\/28721\/revisions"}],"predecessor-version":[{"id":29601,"href":"https:\/\/iutilityvenezuela.com\/index.php?rest_route=\/wp\/v2\/product\/28721\/revisions\/29601"}],"wp:featuredmedia":[{"embeddable":true,"href":"https:\/\/iutilityvenezuela.com\/index.php?rest_route=\/wp\/v2\/media\/28722"}],"wp:attachment":[{"href":"https:\/\/iutilityvenezuela.com\/index.php?rest_route=%2Fwp%2Fv2%2Fmedia&parent=28721"}],"wp:term":[{"taxonomy":"product_brand","embeddable":true,"href":"https:\/\/iutilityvenezuela.com\/index.php?rest_route=%2Fwp%2Fv2%2Fproduct_brand&post=28721"},{"taxonomy":"product_cat","embeddable":true,"href":"https:\/\/iutilityvenezuela.com\/index.php?rest_route=%2Fwp%2Fv2%2Fproduct_cat&post=28721"},{"taxonomy":"product_tag","embeddable":true,"href":"https:\/\/iutilityvenezuela.com\/index.php?rest_route=%2Fwp%2Fv2%2Fproduct_tag&post=28721"}],"curies":[{"name":"wp","href":"https:\/\/api.w.org\/{rel}","templated":true}]}}