{"id":28673,"date":"2025-06-23T14:47:08","date_gmt":"2025-06-23T18:47:08","guid":{"rendered":"https:\/\/iutility.grupoloscar.net\/?post_type=product&#038;p=28673"},"modified":"2025-10-23T22:08:33","modified_gmt":"2025-10-24T02:08:33","slug":"terminal-aparato-15kv-600a-para-transformador","status":"publish","type":"product","link":"https:\/\/iutilityvenezuela.com\/?product=terminal-aparato-15kv-600a-para-transformador","title":{"rendered":"TERMINAL APARATO 15KV 600A PARA TRANSFORMADOR"},"content":{"rendered":"<p>La boquilla de Equipo Chardon 15\/25kV 600A est\u00e1 dise\u00f1ado para la terminaci\u00f3n de conductores en la placa frontal de transformadores de aceite SF6 monof\u00e1sicos y trif\u00e1sicos (o equivalentes aprobados) y paneles de distribuci\u00f3n con capacidad nominal de 8,3\/14,4 kV, 15,2\/26,3 kV.<\/p>\n<hr \/>\n<h4><span style=\"color: #000000\"><strong>Recursos (1)<\/strong><\/span><\/h4>\n<p><strong><a class=\"keychainify-checked\" style=\"color: #000000\" href=\"https:\/\/www.chardongroup.com\/wp-content\/uploads\/2022\/05\/1525k600AApparatusBushing20211019_REV02.pdf\" target=\"_blank\" rel=\"noopener\"><img decoding=\"async\" class=\"alignnone wp-image-29020 size-full\" src=\"https:\/\/iutility.grupoloscar.net\/wp-content\/uploads\/2025\/05\/descargar.png\" alt=\"\" width=\"24\" height=\"24\" \/><\/a><a class=\"keychainify-checked\" href=\"https:\/\/www.chardongroup.com\/wp-content\/uploads\/2022\/05\/1525k600AApparatusBushing20211019_REV02.pdf\" target=\"_blank\" rel=\"noopener\">Descargar cat\u00e1logo<\/a><\/strong><\/p>\n<pre style=\"text-align: right\">15\/25-AB600 4SS \/ CHTT0001<\/pre>\n","protected":false},"excerpt":{"rendered":"<p>La boquilla de Equipo Chardon 15\/25kV 600A est\u00e1 dise\u00f1ado para la terminaci\u00f3n de conductores en la placa frontal de transformadores de aceite SF6 monof\u00e1sicos y trif\u00e1sicos (o equivalentes aprobados) y paneles de distribuci\u00f3n con capacidad nominal de 8,3\/14,4 kV, 15,2\/26,3 kV.<\/p>\n","protected":false},"featured_media":28675,"comment_status":"open","ping_status":"closed","template":"","meta":[],"product_brand":[99],"product_cat":[77,176],"product_tag":[151,156],"class_list":{"0":"post-28673","1":"product","2":"type-product","3":"status-publish","4":"has-post-thumbnail","6":"product_brand-chardon","7":"product_cat-terminales","8":"product_cat-boquilla","9":"product_tag-accesorios-para-cables-ieee-ansi","10":"product_tag-para-transformadores","12":"first","13":"instock","14":"taxable","15":"shipping-taxable","16":"purchasable","17":"product-type-simple"},"_links":{"self":[{"href":"https:\/\/iutilityvenezuela.com\/index.php?rest_route=\/wp\/v2\/product\/28673","targetHints":{"allow":["GET"]}}],"collection":[{"href":"https:\/\/iutilityvenezuela.com\/index.php?rest_route=\/wp\/v2\/product"}],"about":[{"href":"https:\/\/iutilityvenezuela.com\/index.php?rest_route=\/wp\/v2\/types\/product"}],"replies":[{"embeddable":true,"href":"https:\/\/iutilityvenezuela.com\/index.php?rest_route=%2Fwp%2Fv2%2Fcomments&post=28673"}],"version-history":[{"count":6,"href":"https:\/\/iutilityvenezuela.com\/index.php?rest_route=\/wp\/v2\/product\/28673\/revisions"}],"predecessor-version":[{"id":29609,"href":"https:\/\/iutilityvenezuela.com\/index.php?rest_route=\/wp\/v2\/product\/28673\/revisions\/29609"}],"wp:featuredmedia":[{"embeddable":true,"href":"https:\/\/iutilityvenezuela.com\/index.php?rest_route=\/wp\/v2\/media\/28675"}],"wp:attachment":[{"href":"https:\/\/iutilityvenezuela.com\/index.php?rest_route=%2Fwp%2Fv2%2Fmedia&parent=28673"}],"wp:term":[{"taxonomy":"product_brand","embeddable":true,"href":"https:\/\/iutilityvenezuela.com\/index.php?rest_route=%2Fwp%2Fv2%2Fproduct_brand&post=28673"},{"taxonomy":"product_cat","embeddable":true,"href":"https:\/\/iutilityvenezuela.com\/index.php?rest_route=%2Fwp%2Fv2%2Fproduct_cat&post=28673"},{"taxonomy":"product_tag","embeddable":true,"href":"https:\/\/iutilityvenezuela.com\/index.php?rest_route=%2Fwp%2Fv2%2Fproduct_tag&post=28673"}],"curies":[{"name":"wp","href":"https:\/\/api.w.org\/{rel}","templated":true}]}}