{"id":28661,"date":"2025-06-23T14:32:46","date_gmt":"2025-06-23T18:32:46","guid":{"rendered":"https:\/\/iutility.grupoloscar.net\/?post_type=product&#038;p=28661"},"modified":"2025-10-23T21:58:30","modified_gmt":"2025-10-24T01:58:30","slug":"capucha-modular-aislante-15-kv-200a","status":"publish","type":"product","link":"https:\/\/iutilityvenezuela.com\/?product=capucha-modular-aislante-15-kv-200a","title":{"rendered":"CAPUCHA MODULAR AISLANTE 15 KV 200A"},"content":{"rendered":"<p>El Tap\u00f3n Aislado Chardon es un accesorio dise\u00f1ado para aislar el\u00e9ctrica y mec\u00e1nicamente una interfaz tipo boquilla inserto. Cuando est\u00e1 instalado en un producto de operaci\u00f3n con carga y su cable est\u00e1 conectado a tierra, el Tap\u00f3n Aislado provee un aislamiento completo y hermeticidad en la boquilla. El Tap\u00f3n Aislado Chardon cumple los est\u00e1ndares de la norma IEEE Std 386 y puede instalarse permanente o temporalmente en una boquilla inserto, caja derivadora o inserto doble.<\/p>\n<hr \/>\n<h4><span style=\"color: #000000\"><strong>Recursos (2)<\/strong><\/span><\/h4>\n<p><strong><a class=\"keychainify-checked\" style=\"color: #000000\" href=\"https:\/\/www.chardongroup.com\/wp-content\/uploads\/2024\/01\/15LIC200-01102024_complete.pdf\" target=\"_blank\" rel=\"noopener\"><img decoding=\"async\" class=\"alignnone wp-image-29020 size-full\" src=\"https:\/\/iutility.grupoloscar.net\/wp-content\/uploads\/2025\/05\/descargar.png\" alt=\"\" width=\"24\" height=\"24\" \/><\/a><a class=\"keychainify-checked\" href=\"https:\/\/www.chardongroup.com\/wp-content\/uploads\/2024\/01\/15LIC200-01102024_complete.pdf\" target=\"_blank\" rel=\"noopener\">Descargar cat\u00e1logo<\/a><\/strong><\/p>\n<p><strong><span style=\"color: #000000\"><a class=\"keychainify-checked\" style=\"color: #000000\" href=\"https:\/\/www.chardongroup.com\/wp-content\/uploads\/2022\/05\/3.152535-LIC200REV04_Final.pdf\" target=\"_blank\" rel=\"noopener\"><img decoding=\"async\" class=\"alignnone wp-image-29020 size-full\" src=\"https:\/\/iutility.grupoloscar.net\/wp-content\/uploads\/2025\/05\/descargar.png\" alt=\"\" width=\"24\" height=\"24\" \/><\/a><\/span><a class=\"keychainify-checked\" href=\"https:\/\/www.chardongroup.com\/wp-content\/uploads\/2022\/05\/3.152535-LIC200REV04_Final.pdf\" target=\"_blank\" rel=\"noopener\">Descargar Instructivo de Instalaci\u00f3n<\/a><\/strong><\/p>\n<pre style=\"text-align: right\">2025 \/ 10157997<\/pre>\n","protected":false},"excerpt":{"rendered":"<p>El Tap\u00f3n Aislado Chardon es un accesorio dise\u00f1ado para aislar el\u00e9ctrica y mec\u00e1nicamente una interfaz tipo boquilla inserto. Cuando est\u00e1 instalado en un producto de operaci\u00f3n con carga y su cable est\u00e1 conectado a tierra, el Tap\u00f3n Aislado provee un aislamiento completo y hermeticidad en la boquilla.<\/p>\n","protected":false},"featured_media":28662,"comment_status":"open","ping_status":"closed","template":"","meta":[],"product_brand":[99],"product_cat":[77,139],"product_tag":[151,168],"class_list":{"0":"post-28661","1":"product","2":"type-product","3":"status-publish","4":"has-post-thumbnail","6":"product_brand-chardon","7":"product_cat-terminales","8":"product_cat-capucha","9":"product_tag-accesorios-para-cables-ieee-ansi","10":"product_tag-tapon-aislante","12":"first","13":"instock","14":"taxable","15":"shipping-taxable","16":"purchasable","17":"product-type-simple"},"_links":{"self":[{"href":"https:\/\/iutilityvenezuela.com\/index.php?rest_route=\/wp\/v2\/product\/28661","targetHints":{"allow":["GET"]}}],"collection":[{"href":"https:\/\/iutilityvenezuela.com\/index.php?rest_route=\/wp\/v2\/product"}],"about":[{"href":"https:\/\/iutilityvenezuela.com\/index.php?rest_route=\/wp\/v2\/types\/product"}],"replies":[{"embeddable":true,"href":"https:\/\/iutilityvenezuela.com\/index.php?rest_route=%2Fwp%2Fv2%2Fcomments&post=28661"}],"version-history":[{"count":5,"href":"https:\/\/iutilityvenezuela.com\/index.php?rest_route=\/wp\/v2\/product\/28661\/revisions"}],"predecessor-version":[{"id":29606,"href":"https:\/\/iutilityvenezuela.com\/index.php?rest_route=\/wp\/v2\/product\/28661\/revisions\/29606"}],"wp:featuredmedia":[{"embeddable":true,"href":"https:\/\/iutilityvenezuela.com\/index.php?rest_route=\/wp\/v2\/media\/28662"}],"wp:attachment":[{"href":"https:\/\/iutilityvenezuela.com\/index.php?rest_route=%2Fwp%2Fv2%2Fmedia&parent=28661"}],"wp:term":[{"taxonomy":"product_brand","embeddable":true,"href":"https:\/\/iutilityvenezuela.com\/index.php?rest_route=%2Fwp%2Fv2%2Fproduct_brand&post=28661"},{"taxonomy":"product_cat","embeddable":true,"href":"https:\/\/iutilityvenezuela.com\/index.php?rest_route=%2Fwp%2Fv2%2Fproduct_cat&post=28661"},{"taxonomy":"product_tag","embeddable":true,"href":"https:\/\/iutilityvenezuela.com\/index.php?rest_route=%2Fwp%2Fv2%2Fproduct_tag&post=28661"}],"curies":[{"name":"wp","href":"https:\/\/api.w.org\/{rel}","templated":true}]}}