{"id":28158,"date":"2025-06-02T11:55:12","date_gmt":"2025-06-02T15:55:12","guid":{"rendered":"https:\/\/iutility.grupoloscar.net\/?post_type=product&#038;p=28158"},"modified":"2025-10-20T00:31:21","modified_gmt":"2025-10-20T04:31:21","slug":"pararrayo-polimerico-15kv","status":"publish","type":"product","link":"https:\/\/iutilityvenezuela.com\/?product=pararrayo-polimerico-15kv","title":{"rendered":"PARARRAYO  POLIM\u00c9RICO 15KV"},"content":{"rendered":"<pre style=\"text-align: right\">10165385-15KV<\/pre>\n","protected":false},"excerpt":{"rendered":"<p>M\u00e1xima Protecci\u00f3n dise\u00f1ados para desviar eficazmente las sobretensiones por impulsos atmosf\u00e9ricos y proteger tus equipos el\u00e9ctricos.<\/p>\n<p>&nbsp;<\/p>\n","protected":false},"featured_media":28160,"comment_status":"open","ping_status":"closed","template":"","meta":[],"product_brand":[102],"product_cat":[78,133],"product_tag":[128,129],"class_list":{"0":"post-28158","1":"product","2":"type-product","3":"status-publish","4":"has-post-thumbnail","6":"product_brand-eleconstruc","7":"product_cat-pararrayos","8":"product_cat-polimerivo-15kv","9":"product_tag-120-240-voltios","10":"product_tag-para-distribucion-intemperie-poste","12":"first","13":"instock","14":"taxable","15":"shipping-taxable","16":"purchasable","17":"product-type-simple"},"_links":{"self":[{"href":"https:\/\/iutilityvenezuela.com\/index.php?rest_route=\/wp\/v2\/product\/28158","targetHints":{"allow":["GET"]}}],"collection":[{"href":"https:\/\/iutilityvenezuela.com\/index.php?rest_route=\/wp\/v2\/product"}],"about":[{"href":"https:\/\/iutilityvenezuela.com\/index.php?rest_route=\/wp\/v2\/types\/product"}],"replies":[{"embeddable":true,"href":"https:\/\/iutilityvenezuela.com\/index.php?rest_route=%2Fwp%2Fv2%2Fcomments&post=28158"}],"version-history":[{"count":5,"href":"https:\/\/iutilityvenezuela.com\/index.php?rest_route=\/wp\/v2\/product\/28158\/revisions"}],"predecessor-version":[{"id":29488,"href":"https:\/\/iutilityvenezuela.com\/index.php?rest_route=\/wp\/v2\/product\/28158\/revisions\/29488"}],"wp:featuredmedia":[{"embeddable":true,"href":"https:\/\/iutilityvenezuela.com\/index.php?rest_route=\/wp\/v2\/media\/28160"}],"wp:attachment":[{"href":"https:\/\/iutilityvenezuela.com\/index.php?rest_route=%2Fwp%2Fv2%2Fmedia&parent=28158"}],"wp:term":[{"taxonomy":"product_brand","embeddable":true,"href":"https:\/\/iutilityvenezuela.com\/index.php?rest_route=%2Fwp%2Fv2%2Fproduct_brand&post=28158"},{"taxonomy":"product_cat","embeddable":true,"href":"https:\/\/iutilityvenezuela.com\/index.php?rest_route=%2Fwp%2Fv2%2Fproduct_cat&post=28158"},{"taxonomy":"product_tag","embeddable":true,"href":"https:\/\/iutilityvenezuela.com\/index.php?rest_route=%2Fwp%2Fv2%2Fproduct_tag&post=28158"}],"curies":[{"name":"wp","href":"https:\/\/api.w.org\/{rel}","templated":true}]}}