{"id":28148,"date":"2025-06-02T11:16:11","date_gmt":"2025-06-02T15:16:11","guid":{"rendered":"https:\/\/iutility.grupoloscar.net\/?post_type=product&#038;p=28148"},"modified":"2026-01-05T18:28:20","modified_gmt":"2026-01-05T22:28:20","slug":"transformador-monofasico-25-kva-120-240-voltios","status":"publish","type":"product","link":"https:\/\/iutilityvenezuela.com\/?product=transformador-monofasico-25-kva-120-240-voltios","title":{"rendered":"Transformador Monof\u00e1sico 25 kVA 120-240 Voltios"},"content":{"rendered":"<p>Nuestros transformadores IUTILITY son exclusivos en Venezuela, gracias a nuestros aliados comercial EC Insulator, empresa \u00e9lite en la fabricaci\u00f3n de componentes el\u00e9ctricos a nivel mundial, bajo los est\u00e1ndares y certificaciones m\u00e1s exigentes en el sector, convirti\u00e9ndose en\u00a0 el transformador m\u00e1s vendido en Venezuela, la mejor opci\u00f3n para la transformaci\u00f3n y distribuci\u00f3n de energ\u00eda el\u00e9ctrica de manera eficiente, segura y confiable para todos los niveles de tensi\u00f3n.<\/p>\n","protected":false},"excerpt":{"rendered":"<table width=\"236\">\n<tbody>\n<tr>\n<td width=\"236\">Perfecto para tus instalaciones residenciales y comerciales, Compacto, eficiente y duradero.<\/td>\n<\/tr>\n<\/tbody>\n<\/table>\n","protected":false},"featured_media":29407,"comment_status":"open","ping_status":"closed","template":"","meta":[],"product_brand":[104],"product_cat":[31,131],"product_tag":[128,129],"class_list":{"0":"post-28148","1":"product","2":"type-product","3":"status-publish","4":"has-post-thumbnail","6":"product_brand-iutility","7":"product_cat-transformadores","8":"product_cat-25kva","9":"product_tag-120-240-voltios","10":"product_tag-para-distribucion-intemperie-poste","12":"first","13":"instock","14":"taxable","15":"shipping-taxable","16":"purchasable","17":"product-type-simple"},"_links":{"self":[{"href":"https:\/\/iutilityvenezuela.com\/index.php?rest_route=\/wp\/v2\/product\/28148","targetHints":{"allow":["GET"]}}],"collection":[{"href":"https:\/\/iutilityvenezuela.com\/index.php?rest_route=\/wp\/v2\/product"}],"about":[{"href":"https:\/\/iutilityvenezuela.com\/index.php?rest_route=\/wp\/v2\/types\/product"}],"replies":[{"embeddable":true,"href":"https:\/\/iutilityvenezuela.com\/index.php?rest_route=%2Fwp%2Fv2%2Fcomments&post=28148"}],"version-history":[{"count":4,"href":"https:\/\/iutilityvenezuela.com\/index.php?rest_route=\/wp\/v2\/product\/28148\/revisions"}],"predecessor-version":[{"id":29808,"href":"https:\/\/iutilityvenezuela.com\/index.php?rest_route=\/wp\/v2\/product\/28148\/revisions\/29808"}],"wp:featuredmedia":[{"embeddable":true,"href":"https:\/\/iutilityvenezuela.com\/index.php?rest_route=\/wp\/v2\/media\/29407"}],"wp:attachment":[{"href":"https:\/\/iutilityvenezuela.com\/index.php?rest_route=%2Fwp%2Fv2%2Fmedia&parent=28148"}],"wp:term":[{"taxonomy":"product_brand","embeddable":true,"href":"https:\/\/iutilityvenezuela.com\/index.php?rest_route=%2Fwp%2Fv2%2Fproduct_brand&post=28148"},{"taxonomy":"product_cat","embeddable":true,"href":"https:\/\/iutilityvenezuela.com\/index.php?rest_route=%2Fwp%2Fv2%2Fproduct_cat&post=28148"},{"taxonomy":"product_tag","embeddable":true,"href":"https:\/\/iutilityvenezuela.com\/index.php?rest_route=%2Fwp%2Fv2%2Fproduct_tag&post=28148"}],"curies":[{"name":"wp","href":"https:\/\/api.w.org\/{rel}","templated":true}]}}