{"id":28130,"date":"2025-06-02T10:12:01","date_gmt":"2025-06-02T14:12:01","guid":{"rendered":"https:\/\/iutility.grupoloscar.net\/?post_type=product&#038;p=28130"},"modified":"2025-10-23T23:01:33","modified_gmt":"2025-10-24T03:01:33","slug":"capucha-modular-aislante-para-prueba-15kv-600a","status":"publish","type":"product","link":"https:\/\/iutilityvenezuela.com\/?product=capucha-modular-aislante-para-prueba-15kv-600a","title":{"rendered":"CAPUCHA MODULAR AISLANTE PARA PRUEBA 15KV 600A"},"content":{"rendered":"<p>El Tap\u00f3n Aislado CHARDON para 600A Operaci\u00f3n Sin Carga cumple con todos los est\u00e1ndares de la norma IEEE 386. Es completamente aislado, sumergible e intercambiable con productos de otras marcas que cumplan con la norma ANSI\/IEEE St. 386.<\/p>\n<hr \/>\n<h4><span style=\"color: #000000\"><strong>Recursos (2)<\/strong><\/span><\/h4>\n<p><strong><a class=\"keychainify-checked\" style=\"color: #000000\" href=\"https:\/\/www.chardongroup.com\/wp-content\/uploads\/2024\/07\/25DIC600-07252024_min.pdf\" target=\"_blank\" rel=\"noopener\"><img decoding=\"async\" class=\"alignnone wp-image-29020 size-full\" src=\"https:\/\/iutility.grupoloscar.net\/wp-content\/uploads\/2025\/05\/descargar.png\" alt=\"\" width=\"24\" height=\"24\" \/><\/a><a class=\"keychainify-checked\" href=\"https:\/\/www.chardongroup.com\/wp-content\/uploads\/2024\/07\/25DIC600-07252024_min.pdf\" target=\"_blank\" rel=\"noopener\">Descargar cat\u00e1logo<\/a><\/strong><\/p>\n<p><strong><span style=\"color: #000000\"><a class=\"keychainify-checked\" style=\"color: #000000\" href=\"https:\/\/www.chardongroup.com\/wp-content\/uploads\/2022\/05\/30.25-DIC600.pdf\" target=\"_blank\" rel=\"noopener\"><img decoding=\"async\" class=\"alignnone wp-image-29020 size-full\" src=\"https:\/\/iutility.grupoloscar.net\/wp-content\/uploads\/2025\/05\/descargar.png\" alt=\"\" width=\"24\" height=\"24\" \/><\/a><\/span><a class=\"keychainify-checked\" href=\"https:\/\/www.chardongroup.com\/wp-content\/uploads\/2022\/05\/30.25-DIC600.pdf\" target=\"_blank\" rel=\"noopener\">Descargar Instructivo de Instalaci\u00f3n<\/a><\/strong><\/p>\n<pre style=\"text-align: right\">2026 \/ 10157996<\/pre>\n","protected":false},"excerpt":{"rendered":"<p>El Tap\u00f3n Aislado CHARDON para 600A Operaci\u00f3n Sin Carga cumple con todos los est\u00e1ndares de la norma IEEE 386. Es completamente aislado, sumergible e intercambiable con productos de otras marcas que cumplan con la norma ANSI\/IEEE St. 386.<\/p>\n<p>&nbsp;<\/p>\n","protected":false},"featured_media":28659,"comment_status":"open","ping_status":"closed","template":"","meta":[],"product_brand":[99],"product_cat":[77,139],"product_tag":[151,200,168],"class_list":{"0":"post-28130","1":"product","2":"type-product","3":"status-publish","4":"has-post-thumbnail","6":"product_brand-chardon","7":"product_cat-terminales","8":"product_cat-capucha","9":"product_tag-accesorios-para-cables-ieee-ansi","10":"product_tag-para-prueba","11":"product_tag-tapon-aislante","13":"first","14":"instock","15":"taxable","16":"shipping-taxable","17":"purchasable","18":"product-type-simple"},"_links":{"self":[{"href":"https:\/\/iutilityvenezuela.com\/index.php?rest_route=\/wp\/v2\/product\/28130","targetHints":{"allow":["GET"]}}],"collection":[{"href":"https:\/\/iutilityvenezuela.com\/index.php?rest_route=\/wp\/v2\/product"}],"about":[{"href":"https:\/\/iutilityvenezuela.com\/index.php?rest_route=\/wp\/v2\/types\/product"}],"replies":[{"embeddable":true,"href":"https:\/\/iutilityvenezuela.com\/index.php?rest_route=%2Fwp%2Fv2%2Fcomments&post=28130"}],"version-history":[{"count":8,"href":"https:\/\/iutilityvenezuela.com\/index.php?rest_route=\/wp\/v2\/product\/28130\/revisions"}],"predecessor-version":[{"id":29637,"href":"https:\/\/iutilityvenezuela.com\/index.php?rest_route=\/wp\/v2\/product\/28130\/revisions\/29637"}],"wp:featuredmedia":[{"embeddable":true,"href":"https:\/\/iutilityvenezuela.com\/index.php?rest_route=\/wp\/v2\/media\/28659"}],"wp:attachment":[{"href":"https:\/\/iutilityvenezuela.com\/index.php?rest_route=%2Fwp%2Fv2%2Fmedia&parent=28130"}],"wp:term":[{"taxonomy":"product_brand","embeddable":true,"href":"https:\/\/iutilityvenezuela.com\/index.php?rest_route=%2Fwp%2Fv2%2Fproduct_brand&post=28130"},{"taxonomy":"product_cat","embeddable":true,"href":"https:\/\/iutilityvenezuela.com\/index.php?rest_route=%2Fwp%2Fv2%2Fproduct_cat&post=28130"},{"taxonomy":"product_tag","embeddable":true,"href":"https:\/\/iutilityvenezuela.com\/index.php?rest_route=%2Fwp%2Fv2%2Fproduct_tag&post=28130"}],"curies":[{"name":"wp","href":"https:\/\/api.w.org\/{rel}","templated":true}]}}