{"id":28089,"date":"2025-05-29T11:27:30","date_gmt":"2025-05-29T15:27:30","guid":{"rendered":"https:\/\/iutility.grupoloscar.net\/?post_type=product&#038;p=28089"},"modified":"2025-10-23T23:51:01","modified_gmt":"2025-10-24T03:51:01","slug":"reconectador-polimerico-trifasico-para-15kv-corriente-nominal-800a","status":"publish","type":"product","link":"https:\/\/iutilityvenezuela.com\/?product=reconectador-polimerico-trifasico-para-15kv-corriente-nominal-800a","title":{"rendered":"RECONECTADOR POLIM\u00c9RICO TRIF\u00c1SICO PARA 15KV CORRIENTE NOMINAL 800A"},"content":{"rendered":"<p>El Restaurador Polim\u00e9rico Chardon para la automatizaci\u00f3n de l\u00edneas a\u00e9reas tiene una funci\u00f3n de protecci\u00f3n externa contra sobretensiones y una estructura reforzada para mayor seguridad. Est\u00e1 fabricado con materiales resistentes y un aislamiento de epoxi de alta calidad que resiste las grietas y los rayos UV para una durabilidad excepcional en aplicaciones a\u00e9reas. Los reconectadores Chardon est\u00e1 disponible en un voltaje de 15 kV y una corriente nominal de 800A. Est\u00e1n completamente probados de acuerdo con IEC 62271-111.<\/p>\n<hr \/>\n<h4><span style=\"color: #000000\"><strong>Recursos (1)<\/strong><\/span><\/h4>\n<p><strong><a class=\"keychainify-checked\" style=\"color: #000000\" href=\"https:\/\/www.chardongroup.com\/wp-content\/uploads\/2024\/12\/CKMR-12.30.24.pdf\" target=\"_blank\" rel=\"noopener\"><img decoding=\"async\" class=\"alignnone wp-image-29020 size-full\" src=\"https:\/\/iutility.grupoloscar.net\/wp-content\/uploads\/2025\/05\/descargar.png\" alt=\"\" width=\"24\" height=\"24\" \/><\/a><a class=\"keychainify-checked\" href=\"https:\/\/www.chardongroup.com\/wp-content\/uploads\/2024\/12\/CKMR-12.30.24.pdf\" target=\"_blank\" rel=\"noopener\">Descargar cat\u00e1logo<\/a><\/strong><\/p>\n<pre style=\"text-align: right\">101-RECONECT<\/pre>\n","protected":false},"excerpt":{"rendered":"<p>El Restaurador Polim\u00e9rico Chardon para la automatizaci\u00f3n de l\u00edneas a\u00e9reas tiene una funci\u00f3n de protecci\u00f3n externa contra sobretensiones y una estructura reforzada para mayor seguridad. Est\u00e1 fabricado con materiales resistentes y un aislamiento de epoxi de alta calidad que resiste las grietas y los rayos UV para una durabilidad excepcional en aplicaciones a\u00e9reas.<\/p>\n","protected":false},"featured_media":28630,"comment_status":"open","ping_status":"closed","template":"","meta":[],"product_brand":[99],"product_cat":[79,140],"product_tag":[151,150],"class_list":{"0":"post-28089","1":"product","2":"type-product","3":"status-publish","4":"has-post-thumbnail","6":"product_brand-chardon","7":"product_cat-reconectador","8":"product_cat-polimerico-15kv","9":"product_tag-accesorios-para-cables-ieee-ansi","10":"product_tag-aparatos-de-distribucion","12":"first","13":"instock","14":"taxable","15":"shipping-taxable","16":"purchasable","17":"product-type-simple"},"_links":{"self":[{"href":"https:\/\/iutilityvenezuela.com\/index.php?rest_route=\/wp\/v2\/product\/28089","targetHints":{"allow":["GET"]}}],"collection":[{"href":"https:\/\/iutilityvenezuela.com\/index.php?rest_route=\/wp\/v2\/product"}],"about":[{"href":"https:\/\/iutilityvenezuela.com\/index.php?rest_route=\/wp\/v2\/types\/product"}],"replies":[{"embeddable":true,"href":"https:\/\/iutilityvenezuela.com\/index.php?rest_route=%2Fwp%2Fv2%2Fcomments&post=28089"}],"version-history":[{"count":9,"href":"https:\/\/iutilityvenezuela.com\/index.php?rest_route=\/wp\/v2\/product\/28089\/revisions"}],"predecessor-version":[{"id":29666,"href":"https:\/\/iutilityvenezuela.com\/index.php?rest_route=\/wp\/v2\/product\/28089\/revisions\/29666"}],"wp:featuredmedia":[{"embeddable":true,"href":"https:\/\/iutilityvenezuela.com\/index.php?rest_route=\/wp\/v2\/media\/28630"}],"wp:attachment":[{"href":"https:\/\/iutilityvenezuela.com\/index.php?rest_route=%2Fwp%2Fv2%2Fmedia&parent=28089"}],"wp:term":[{"taxonomy":"product_brand","embeddable":true,"href":"https:\/\/iutilityvenezuela.com\/index.php?rest_route=%2Fwp%2Fv2%2Fproduct_brand&post=28089"},{"taxonomy":"product_cat","embeddable":true,"href":"https:\/\/iutilityvenezuela.com\/index.php?rest_route=%2Fwp%2Fv2%2Fproduct_cat&post=28089"},{"taxonomy":"product_tag","embeddable":true,"href":"https:\/\/iutilityvenezuela.com\/index.php?rest_route=%2Fwp%2Fv2%2Fproduct_tag&post=28089"}],"curies":[{"name":"wp","href":"https:\/\/api.w.org\/{rel}","templated":true}]}}