{"id":27801,"date":"2025-05-22T10:37:35","date_gmt":"2025-05-22T14:37:35","guid":{"rendered":"https:\/\/iutility.grupoloscar.net\/?post_type=product&#038;p=27801"},"modified":"2025-11-17T18:25:17","modified_gmt":"2025-11-17T22:25:17","slug":"w963-playsafe-cinta-autosoldante-de-goma-para-conexiones","status":"publish","type":"product","link":"https:\/\/iutilityvenezuela.com\/?product=w963-playsafe-cinta-autosoldante-de-goma-para-conexiones","title":{"rendered":"W963 PLAYSAFE &#8211; Cinta Autosoldante de Goma para Conexiones"},"content":{"rendered":"<p>Cinta autosoldable para bajo y alto voltaje de 0,76mm de espesor especialmente dise\u00f1ada para aislar y reparar la cubierta de empalmes hasta 69kV. Amalgama r\u00e1pidamente produciendo un encintado el\u00e9ctricamente estable y libre de burbujas. Excelente resistencia a la humedad, corrosi\u00f3n y a qu\u00edmicos.<\/p>\n<p><strong>Continuo 90\u00baC\/ Sobrecarga 130 \u00baC<\/strong><\/p>\n<p><strong>Caracter\u00edsticas:<\/strong><br \/>\n<img fetchpriority=\"high\" decoding=\"async\" class=\"alignnone size-medium wp-image-28986\" src=\"https:\/\/iutility.grupoloscar.net\/wp-content\/uploads\/2025\/05\/W963-Plysafe-400x142.webp\" alt=\"\" width=\"400\" height=\"142\" srcset=\"https:\/\/iutilityvenezuela.com\/wp-content\/uploads\/2025\/05\/W963-Plysafe-400x142.webp 400w, https:\/\/iutilityvenezuela.com\/wp-content\/uploads\/2025\/05\/W963-Plysafe-1300x461.webp 1300w, https:\/\/iutilityvenezuela.com\/wp-content\/uploads\/2025\/05\/W963-Plysafe-768x273.webp 768w, https:\/\/iutilityvenezuela.com\/wp-content\/uploads\/2025\/05\/W963-Plysafe-1536x545.webp 1536w, https:\/\/iutilityvenezuela.com\/wp-content\/uploads\/2025\/05\/W963-Plysafe-350x124.webp 350w, https:\/\/iutilityvenezuela.com\/wp-content\/uploads\/2025\/05\/W963-Plysafe-500x177.webp 500w, https:\/\/iutilityvenezuela.com\/wp-content\/uploads\/2025\/05\/W963-Plysafe-150x53.webp 150w, https:\/\/iutilityvenezuela.com\/wp-content\/uploads\/2025\/05\/W963-Plysafe.webp 1789w\" sizes=\"(max-width: 400px) 100vw, 400px\" \/><\/p>\n<pre style=\"text-align: right\">12811 \/ 10159078<\/pre>\n","protected":false},"excerpt":{"rendered":"<p>Cinta autosoldable para bajo y alto voltaje de 0,76mm de espesor especialmente dise\u00f1ada para aislar y reparar la cubierta de empalmes hasta 69kV.<\/p>\n","protected":false},"featured_media":27778,"comment_status":"open","ping_status":"closed","template":"","meta":[],"product_brand":[98],"product_cat":[73,83],"product_tag":[116,115],"class_list":{"0":"post-27801","1":"product","2":"type-product","3":"status-publish","4":"has-post-thumbnail","6":"product_brand-plymouth","7":"product_cat-cintas-aislantes","8":"product_cat-cinta-electrica-de-pvc","9":"product_tag-alto-voltaje","10":"product_tag-autosoldable","12":"first","13":"instock","14":"featured","15":"taxable","16":"shipping-taxable","17":"purchasable","18":"product-type-simple"},"_links":{"self":[{"href":"https:\/\/iutilityvenezuela.com\/index.php?rest_route=\/wp\/v2\/product\/27801","targetHints":{"allow":["GET"]}}],"collection":[{"href":"https:\/\/iutilityvenezuela.com\/index.php?rest_route=\/wp\/v2\/product"}],"about":[{"href":"https:\/\/iutilityvenezuela.com\/index.php?rest_route=\/wp\/v2\/types\/product"}],"replies":[{"embeddable":true,"href":"https:\/\/iutilityvenezuela.com\/index.php?rest_route=%2Fwp%2Fv2%2Fcomments&post=27801"}],"version-history":[{"count":8,"href":"https:\/\/iutilityvenezuela.com\/index.php?rest_route=\/wp\/v2\/product\/27801\/revisions"}],"predecessor-version":[{"id":28985,"href":"https:\/\/iutilityvenezuela.com\/index.php?rest_route=\/wp\/v2\/product\/27801\/revisions\/28985"}],"wp:featuredmedia":[{"embeddable":true,"href":"https:\/\/iutilityvenezuela.com\/index.php?rest_route=\/wp\/v2\/media\/27778"}],"wp:attachment":[{"href":"https:\/\/iutilityvenezuela.com\/index.php?rest_route=%2Fwp%2Fv2%2Fmedia&parent=27801"}],"wp:term":[{"taxonomy":"product_brand","embeddable":true,"href":"https:\/\/iutilityvenezuela.com\/index.php?rest_route=%2Fwp%2Fv2%2Fproduct_brand&post=27801"},{"taxonomy":"product_cat","embeddable":true,"href":"https:\/\/iutilityvenezuela.com\/index.php?rest_route=%2Fwp%2Fv2%2Fproduct_cat&post=27801"},{"taxonomy":"product_tag","embeddable":true,"href":"https:\/\/iutilityvenezuela.com\/index.php?rest_route=%2Fwp%2Fv2%2Fproduct_tag&post=27801"}],"curies":[{"name":"wp","href":"https:\/\/api.w.org\/{rel}","templated":true}]}}