{"id":27795,"date":"2025-05-22T10:12:44","date_gmt":"2025-05-22T14:12:44","guid":{"rendered":"https:\/\/iutility.grupoloscar.net\/?post_type=product&#038;p=27795"},"modified":"2025-10-19T23:33:29","modified_gmt":"2025-10-20T03:33:29","slug":"53-plyarc-3-cinta-de-proteccion-contra-arco-y-fuego","status":"publish","type":"product","link":"https:\/\/iutilityvenezuela.com\/?product=53-plyarc-3-cinta-de-proteccion-contra-arco-y-fuego","title":{"rendered":"53 PLYARC 3\u201d &#8211; Cinta de Protecci\u00f3n Contra Arco y Fuego"},"content":{"rendered":"<p>Cinta elastom\u00e9rica no adhesiva dise\u00f1ada para proteger todo tipo de cables el\u00e9ctricos contra la propagaci\u00f3n del fuego y el arco el\u00e9ctrico. Cuando se expone a la llama se genera un residuo aislante t\u00e9rmico que protege al cable de los da\u00f1os iniciales producidos por un cortocircuito u otra aver\u00eda concediendo un tiempo adicional clave para la intervenci\u00f3n y subsanaci\u00f3n del fallo evitando aver\u00edas mayores.<\/p>\n<p><strong>Caracter\u00edsticas:<\/strong><br \/>\n<img decoding=\"async\" class=\"alignnone size-medium wp-image-28999\" src=\"https:\/\/iutility.grupoloscar.net\/wp-content\/uploads\/2025\/05\/53-Plyarc-400x88.webp\" alt=\"\" width=\"400\" height=\"88\" srcset=\"https:\/\/iutilityvenezuela.com\/wp-content\/uploads\/2025\/05\/53-Plyarc-400x88.webp 400w, https:\/\/iutilityvenezuela.com\/wp-content\/uploads\/2025\/05\/53-Plyarc-1300x285.webp 1300w, https:\/\/iutilityvenezuela.com\/wp-content\/uploads\/2025\/05\/53-Plyarc-768x168.webp 768w, https:\/\/iutilityvenezuela.com\/wp-content\/uploads\/2025\/05\/53-Plyarc-1536x337.webp 1536w, https:\/\/iutilityvenezuela.com\/wp-content\/uploads\/2025\/05\/53-Plyarc-350x77.webp 350w, https:\/\/iutilityvenezuela.com\/wp-content\/uploads\/2025\/05\/53-Plyarc-500x110.webp 500w, https:\/\/iutilityvenezuela.com\/wp-content\/uploads\/2025\/05\/53-Plyarc-150x33.webp 150w, https:\/\/iutilityvenezuela.com\/wp-content\/uploads\/2025\/05\/53-Plyarc.webp 1778w\" sizes=\"(max-width: 400px) 100vw, 400px\" \/><\/p>\n<pre style=\"text-align: right\">12803 \/ 101590561<\/pre>\n","protected":false},"excerpt":{"rendered":"<p>Cinta elastom\u00e9rica no adhesiva dise\u00f1ada para proteger todo tipo de cables el\u00e9ctricos contra la propagaci\u00f3n del fuego y el arco el\u00e9ctrico.<\/p>\n","protected":false},"featured_media":27785,"comment_status":"open","ping_status":"closed","template":"","meta":[],"product_brand":[98],"product_cat":[73,82],"product_tag":[112,111],"class_list":{"0":"post-27795","1":"product","2":"type-product","3":"status-publish","4":"has-post-thumbnail","6":"product_brand-plymouth","7":"product_cat-cintas-aislantes","8":"product_cat-proteccion-de-empalmes","9":"product_tag-arco-electrico","10":"product_tag-proteccion-fuego","12":"first","13":"instock","14":"taxable","15":"shipping-taxable","16":"purchasable","17":"product-type-simple"},"_links":{"self":[{"href":"https:\/\/iutilityvenezuela.com\/index.php?rest_route=\/wp\/v2\/product\/27795","targetHints":{"allow":["GET"]}}],"collection":[{"href":"https:\/\/iutilityvenezuela.com\/index.php?rest_route=\/wp\/v2\/product"}],"about":[{"href":"https:\/\/iutilityvenezuela.com\/index.php?rest_route=\/wp\/v2\/types\/product"}],"replies":[{"embeddable":true,"href":"https:\/\/iutilityvenezuela.com\/index.php?rest_route=%2Fwp%2Fv2%2Fcomments&post=27795"}],"version-history":[{"count":9,"href":"https:\/\/iutilityvenezuela.com\/index.php?rest_route=\/wp\/v2\/product\/27795\/revisions"}],"predecessor-version":[{"id":29469,"href":"https:\/\/iutilityvenezuela.com\/index.php?rest_route=\/wp\/v2\/product\/27795\/revisions\/29469"}],"wp:featuredmedia":[{"embeddable":true,"href":"https:\/\/iutilityvenezuela.com\/index.php?rest_route=\/wp\/v2\/media\/27785"}],"wp:attachment":[{"href":"https:\/\/iutilityvenezuela.com\/index.php?rest_route=%2Fwp%2Fv2%2Fmedia&parent=27795"}],"wp:term":[{"taxonomy":"product_brand","embeddable":true,"href":"https:\/\/iutilityvenezuela.com\/index.php?rest_route=%2Fwp%2Fv2%2Fproduct_brand&post=27795"},{"taxonomy":"product_cat","embeddable":true,"href":"https:\/\/iutilityvenezuela.com\/index.php?rest_route=%2Fwp%2Fv2%2Fproduct_cat&post=27795"},{"taxonomy":"product_tag","embeddable":true,"href":"https:\/\/iutilityvenezuela.com\/index.php?rest_route=%2Fwp%2Fv2%2Fproduct_tag&post=27795"}],"curies":[{"name":"wp","href":"https:\/\/api.w.org\/{rel}","templated":true}]}}