{"id":29539,"date":"2025-10-22T09:46:45","date_gmt":"2025-10-22T13:46:45","guid":{"rendered":"https:\/\/iutilityvenezuela.com\/?page_id=29539"},"modified":"2025-10-30T10:18:20","modified_gmt":"2025-10-30T14:18:20","slug":"elementor-29539","status":"publish","type":"page","link":"https:\/\/iutilityvenezuela.com\/?page_id=29539","title":{"rendered":"Pagina Preguntas frecuentes"},"content":{"rendered":"\t\t<div data-elementor-type=\"wp-page\" data-elementor-id=\"29539\" class=\"elementor elementor-29539\">\n\t\t\t\t<div class=\"wd-negative-gap elementor-element elementor-element-d6413c2 e-flex e-con-boxed e-con e-parent\" data-id=\"d6413c2\" data-element_type=\"container\">\n\t\t\t\t\t<div class=\"e-con-inner\">\n\t\t\t\t<div class=\"elementor-element elementor-element-d6919bf elementor-widget elementor-widget-wd_text_block\" data-id=\"d6919bf\" data-element_type=\"widget\" data-widget_type=\"wd_text_block.default\">\n\t\t\t\t<div class=\"elementor-widget-container\">\n\t\t\t\t\t\t\t<div class=\"wd-text-block reset-last-child text-left\">\n\t\t\t\n\t\t\t<h2 style=\"text-align: center;\">Preguntas Frecuentes<\/h2><h4><strong>\ud83d\uded2 COMPRA<\/strong><\/h4><h4><strong>1. \u00bfCu\u00e1les son los pasos para comprar en la tienda online?<\/strong><\/h4><ul><li style=\"list-style-type: none;\"><ul><li style=\"list-style-type: none;\"><ul><li><h4>Elige el producto que te interese desde las secciones disponibles. Al hacer clic, podr\u00e1s ver m\u00e1s fotos e informaci\u00f3n detallada.<\/h4><\/li><li><h4>A\u00f1ade el art\u00edculo al carrito. Luego, elige continuar comprando o proceder con el pedido.<\/h4><\/li><li><h4>Ingresa tu correo electr\u00f3nico para recibir los detalles y actualizaciones de tu compra.<\/h4><\/li><li><h4>Selecciona el m\u00e9todo de entrega, completa los datos de env\u00edo y\/o facturaci\u00f3n, y elige el m\u00e9todo de pago.<\/h4><\/li><li><h4>(Opcional) Agrega una nota a tu pedido.<\/h4><\/li><li><h4>Acepta los <strong><em>T\u00e9rminos y Condiciones<\/em><\/strong> y la <strong><em>Pol\u00edtica de Privacidad<\/em><\/strong>.<\/h4><\/li><li><h4>Finaliza el pedido. Recibir\u00e1s un correo de confirmaci\u00f3n desde <strong><em>ventas@iutilityvenezuela.com co<\/em><\/strong>n los detalles de tu compra.<\/h4><\/li><\/ul><\/li><\/ul><\/li><\/ul><h4><strong>2. \u00bfEs seguro comprar en la tienda online?<\/strong><\/h4><h4>S\u00ed. Contamos con sistemas de protecci\u00f3n y cifrado que garantizan la seguridad de tus datos y transacciones.<\/h4><h4><strong>3. \u00bfSe reponen los art\u00edculos con la indicaci\u00f3n \u201cagotado\u201d?<\/strong><\/h4><h4>S\u00ed, procuramos reponerlos lo antes posible. Si el producto no vuelve a estar disponible, ser\u00e1 retirado del cat\u00e1logo.<\/h4><h4><strong>4. \u00bfRecibir\u00e9 el mismo producto que veo en la fotograf\u00eda?<\/strong><\/h4><h4>S\u00ed. Todas las im\u00e1genes son reales y proporcionadas por nuestras marcas aliadas.<\/h4><h4><strong>5. \u00bfPuedo recibir informaci\u00f3n sobre novedades y ofertas?<\/strong><\/h4><h4>S\u00ed. Si te registras, recibir\u00e1s boletines con promociones y novedades de la tienda.<\/h4><h4><strong>6. \u00bfC\u00f3mo puedo asegurarme de haber realizado correctamente mi compra?<\/strong><\/h4><h4>Al completar tu pedido, recibir\u00e1s un correo de confirmaci\u00f3n. Si no lo recibes, comun\u00edcate con nosotros al <strong>+58 0414 2242085<\/strong>\u00a0o escribe a <strong>ventas@iutilityvenezuela.com<\/strong>.<\/h4><h4><strong>7. \u00bfQu\u00e9 hago si recibo un art\u00edculo incorrecto o defectuoso?<\/strong><\/h4><h4>Cont\u00e1ctanos de inmediato a trav\u00e9s de nuestro departamento de atenci\u00f3n al cliente. Te asistiremos en el proceso de cambio o reemplazo.<\/h4><h4><strong><br \/>\ud83d\udcb3<\/strong><strong> PAGO<\/strong><\/h4><h4><strong>8. \u00bfD\u00f3nde puedo pagar?<\/strong><\/h4><h4>Despu\u00e9s de que elijas el m\u00e9todo de pago, recibir\u00e1s un correo desde <strong>ventas@iutilityvenezuela.com<\/strong> con los pasos e informaci\u00f3n para completar el pago.<\/h4><h4><strong>9. \u00bfPuedo obtener una factura a nombre de mi empresa?<\/strong><\/h4><h4>S\u00ed. Solo debes completar los datos fiscales solicitados al momento de tu compra.<\/h4><h4><strong><br \/>\ud83d\ude9a<\/strong><strong> ENV\u00cdO<\/strong><\/h4><h4><strong>10. \u00bfPuedo conocer el estado de mi pedido?<\/strong><\/h4><h4>S\u00ed. Al confirmarse tu pedido, recibir\u00e1s una notificaci\u00f3n con el n\u00famero de seguimiento para verificar el estado del env\u00edo. Para m\u00e1s informaci\u00f3n, puedes contactar a nuestro departamento de atenci\u00f3n al cliente.<\/h4><h4><strong>11. \u00bfC\u00f3mo puedo cancelar mi pedido?<\/strong><\/h4><h4>Podr\u00e1s cancelarlo mientras no haya sido despachado. Si a\u00fan no has recibido el correo de notificaci\u00f3n de env\u00edo, comun\u00edcate con nosotros para gestionar la cancelaci\u00f3n.<\/h4><h4><strong>12. \u00bfQu\u00e9 hago si recibo un art\u00edculo incorrecto o con defectos?<\/strong><\/h4><h4>En caso de recibir un producto distinto al solicitado o con alg\u00fan defecto, cont\u00e1ctanos para gestionar el cambio o la devoluci\u00f3n correspondiente.<\/h4><h4><strong>\ud83d\udcb0<\/strong><strong> DESCUENTOS<\/strong><\/h4><h4><strong>13. \u00bfPuedo obtener descuento por compras al mayor?<\/strong><\/h4><h4>S\u00ed. Comun\u00edcate con nuestro departamento de atenci\u00f3n al cliente. Seg\u00fan el volumen de tu pedido, se aplicar\u00e1 un porcentaje de descuento.<\/h4><h4><strong>14. \u00bfPuedo obtener descuento por ser comprador frecuente?<\/strong><\/h4><h4>S\u00ed. Nuestro equipo evaluar\u00e1 tu historial de compras y podr\u00e1 asignarte un descuento especial para futuras adquisiciones. Tambi\u00e9n puedes solicitarlo directamente contactando a atenci\u00f3n al cliente.<\/h4>\n\t\t\t\t\t<\/div>\n\t\t\t\t\t\t<\/div>\n\t\t\t\t<\/div>\n\t\t\t\t\t<\/div>\n\t\t\t\t<\/div>\n\t\t\t\t<\/div>\n\t\t","protected":false},"excerpt":{"rendered":"<p>Preguntas Frecuentes \ud83d\uded2 COMPRA 1. \u00bfCu\u00e1les son los pasos para comprar en la tienda online? Elige el producto que te<\/p>\n","protected":false},"author":1,"featured_media":0,"parent":0,"menu_order":0,"comment_status":"closed","ping_status":"closed","template":"","meta":{"footnotes":""},"class_list":["post-29539","page","type-page","status-publish","hentry"],"_links":{"self":[{"href":"https:\/\/iutilityvenezuela.com\/index.php?rest_route=\/wp\/v2\/pages\/29539","targetHints":{"allow":["GET"]}}],"collection":[{"href":"https:\/\/iutilityvenezuela.com\/index.php?rest_route=\/wp\/v2\/pages"}],"about":[{"href":"https:\/\/iutilityvenezuela.com\/index.php?rest_route=\/wp\/v2\/types\/page"}],"author":[{"embeddable":true,"href":"https:\/\/iutilityvenezuela.com\/index.php?rest_route=\/wp\/v2\/users\/1"}],"replies":[{"embeddable":true,"href":"https:\/\/iutilityvenezuela.com\/index.php?rest_route=%2Fwp%2Fv2%2Fcomments&post=29539"}],"version-history":[{"count":17,"href":"https:\/\/iutilityvenezuela.com\/index.php?rest_route=\/wp\/v2\/pages\/29539\/revisions"}],"predecessor-version":[{"id":29691,"href":"https:\/\/iutilityvenezuela.com\/index.php?rest_route=\/wp\/v2\/pages\/29539\/revisions\/29691"}],"wp:attachment":[{"href":"https:\/\/iutilityvenezuela.com\/index.php?rest_route=%2Fwp%2Fv2%2Fmedia&parent=29539"}],"curies":[{"name":"wp","href":"https:\/\/api.w.org\/{rel}","templated":true}]}}