{"id":28844,"date":"2025-06-25T10:42:03","date_gmt":"2025-06-25T14:42:03","guid":{"rendered":"https:\/\/iutility.grupoloscar.net\/?page_id=28844"},"modified":"2025-10-30T10:11:37","modified_gmt":"2025-10-30T14:11:37","slug":"politica-de-privacidad-iutility","status":"publish","type":"page","link":"https:\/\/iutilityvenezuela.com\/?page_id=28844","title":{"rendered":"Pol\u00edtica de Privacidad iutility"},"content":{"rendered":"\t\t<div data-elementor-type=\"wp-page\" data-elementor-id=\"28844\" class=\"elementor elementor-28844\">\n\t\t\t\t<div class=\"wd-negative-gap elementor-element elementor-element-53165024 e-flex e-con-boxed e-con e-parent\" data-id=\"53165024\" data-element_type=\"container\">\n\t\t\t\t\t<div class=\"e-con-inner\">\n\t\t\t\t<div class=\"elementor-element elementor-element-5b0bab47 color-scheme-inherit text-left elementor-widget elementor-widget-text-editor\" data-id=\"5b0bab47\" data-element_type=\"widget\" data-widget_type=\"text-editor.default\">\n\t\t\t\t<div class=\"elementor-widget-container\"><h2 class=\"wp-block-heading\" style=\"text-align: center;\">Pol\u00ecticas de Privacidad<\/h2><h4>En IUTILITY, valoramos la confianza que nuestros clientes depositan en nosotros. Por lo tanto, nos comprometemos de manera a proteger su privacidad y a manejar con sumo cuidado y responsabilidad la informaci\u00f3n que es compartida con nosotros.<\/h4>\n<h4>La recopilaci\u00f3n y resguardo de la informaci\u00f3n se hace con previa autorizaci\u00f3n del usuario.<\/h4>\n<h4>La informaci\u00f3n de contacto suministrada por usted, que ser\u00e1 guardada es: su nombre y direcci\u00f3n, informaci\u00f3n jur\u00eddica de la empresa, n\u00famero de tel\u00e9fono, un historial de sus compras previas con nosotros, informaci\u00f3n relacionada con su actividad en la web y las redes sociales, y tambi\u00e9n la ubicaci\u00f3n exacta de su dispositivo electr\u00f3nico.<\/h4>\n<h4>\u00bfC\u00f3mo utilizamos su informaci\u00f3n?<\/h4>\n<h4><\/h4>\n<h4>Su informaci\u00f3n puede ser utilizada para:<\/h4>\n<ul>\n<li style=\"list-style-type: none;\">\n<ul>\n<li style=\"list-style-type: none;\">\n<ul>\n<li>\n<h4>Procesar sus pedidos de manera eficiente<\/h4>\n<\/li>\n<li>\n<h4>Operar y administrar su cuenta en IUTILITY\u00a0<\/h4>\n<\/li>\n<li>\n<h4>Recibir correos e informaci\u00f3n personalizada de IUTILITY<\/h4>\n<\/li>\n<li>\n<h4>Proteger la seguridad y la integridad de nuestro sitio web y de nuestro negocio en general.<\/h4>\n<\/li>\n<li>\n<h4>Realizar an\u00e1lisis comerciales y de mejora operativa<\/h4>\n<\/li>\n<li>\n<h4>Cumplir con nuestras obligaciones legales y contractuales.<\/h4>\n<\/li>\n<li>\n<h4>IUTILITY E-COMER, C.A. no compartir\u00e1 su informaci\u00f3n personal con terceros de manera indiscriminada.<\/h4>\n<\/li>\n<li>\n<h4>Usted tiene control total sobre su informaci\u00f3n personal, al acceder a <a href=\"https:\/\/www.iutilityvenezuela.com\">www.iutilityvenezuela.com<\/a>\u00a0 puede actualizar, modificar o eliminar su informaci\u00f3n personal en cualquier momento iniciando sesi\u00f3n en su cuenta.<\/h4>\n<\/li>\n<li>\n<h4>Nuestro sitio web cuenta con las medidas de seguridad standard para la protecci\u00f3n de su informaci\u00f3n y solo un equipo limitado de colaboradores puede tener acceso a ella.<\/h4>\n<\/li>\n<\/ul>\n<\/li>\n<\/ul>\n<\/li>\n<\/ul>\n<h4><\/h4>\n<h4>IUTILITY\u00a0 E-COMER, C.A.solo se comunicar\u00e1 con usted a trav\u00e9s del n\u00famero +58 04142242085 por tel\u00e9fono o WhatsApp, as\u00ed como por correo electr\u00f3nico que utilice el dominio iutilityvenezuela.com<\/h4><p>\u00a0<\/p><\/div>\n\t\t\t\t<\/div>\n\t\t\t\t\t<\/div>\n\t\t\t\t<\/div>\t\t<\/div>\n\t\t","protected":false},"excerpt":{"rendered":"<p>Pol\u00ecticas de Privacidad En IUTILITY, valoramos la confianza que nuestros clientes depositan en nosotros. Por lo tanto, nos comprometemos de<\/p>\n","protected":false},"author":1,"featured_media":0,"parent":0,"menu_order":0,"comment_status":"closed","ping_status":"closed","template":"","meta":{"footnotes":""},"class_list":["post-28844","page","type-page","status-publish","hentry"],"_links":{"self":[{"href":"https:\/\/iutilityvenezuela.com\/index.php?rest_route=\/wp\/v2\/pages\/28844","targetHints":{"allow":["GET"]}}],"collection":[{"href":"https:\/\/iutilityvenezuela.com\/index.php?rest_route=\/wp\/v2\/pages"}],"about":[{"href":"https:\/\/iutilityvenezuela.com\/index.php?rest_route=\/wp\/v2\/types\/page"}],"author":[{"embeddable":true,"href":"https:\/\/iutilityvenezuela.com\/index.php?rest_route=\/wp\/v2\/users\/1"}],"replies":[{"embeddable":true,"href":"https:\/\/iutilityvenezuela.com\/index.php?rest_route=%2Fwp%2Fv2%2Fcomments&post=28844"}],"version-history":[{"count":23,"href":"https:\/\/iutilityvenezuela.com\/index.php?rest_route=\/wp\/v2\/pages\/28844\/revisions"}],"predecessor-version":[{"id":29679,"href":"https:\/\/iutilityvenezuela.com\/index.php?rest_route=\/wp\/v2\/pages\/28844\/revisions\/29679"}],"wp:attachment":[{"href":"https:\/\/iutilityvenezuela.com\/index.php?rest_route=%2Fwp%2Fv2%2Fmedia&parent=28844"}],"curies":[{"name":"wp","href":"https:\/\/api.w.org\/{rel}","templated":true}]}}